{"id":1180,"date":"2016-04-24T15:47:34","date_gmt":"2016-04-24T13:47:34","guid":{"rendered":"http:\/\/www.overlord.it\/new\/?page_id=1180"},"modified":"2016-04-24T23:25:15","modified_gmt":"2016-04-24T21:25:15","slug":"overlord-football-league","status":"publish","type":"page","link":"https:\/\/www.overlord.it\/new\/overlord-football-league\/","title":{"rendered":"Football Strategy"},"content":{"rendered":"<section  class='av_textblock_section av-av_textblock-0366cc7376be6c9e82a3e9cc8987b64f '  itemscope=\"itemscope\" itemtype=\"https:\/\/schema.org\/CreativeWork\" ><div class='avia_textblock '  itemprop=\"text\" ><h3><span style=\"color: #f9343b;\"><strong>Football Strategy<\/strong> <\/span><\/h3>\n<p style=\"text-align: justify;\">\u00e8 un gioco per due giocatori in cui si simula una vera partita di football americano. Ogni giocatore impersona l\u2019Head Coach (l\u2019allenatore capo) della propria squadra, ed in questa veste sceglier\u00e0, down dopo down, quali strategie impiegare in attacco ed in difesa al fine di portare al successo la propria franchigia.<\/p>\n<\/div><\/section>\n\n<style type=\"text\/css\" data-created_by=\"avia_inline_auto\" id=\"style-css-av-av_one_half-9497bbf8bff73ea4c6992cc17fa9ec36\">\n.flex_column.av-av_one_half-9497bbf8bff73ea4c6992cc17fa9ec36{\nborder-radius:0px 0px 0px 0px;\n-webkit-border-radius:0px 0px 0px 0px;\n-moz-border-radius:0px 0px 0px 0px;\n}\n<\/style>\n<div class='flex_column av-av_one_half-9497bbf8bff73ea4c6992cc17fa9ec36 av_one_half  avia-builder-el-1  el_after_av_textblock  el_before_av_one_half  first flex_column_div av-zero-column-padding column-top-margin'   ><style type=\"text\/css\" data-created_by=\"avia_inline_auto\" id=\"style-css-av-av_image-f288c50ac7d31c103455ab0df3467869\">\n.avia-image-container.av-av_image-f288c50ac7d31c103455ab0df3467869 .av-image-caption-overlay-center{\ncolor:#ffffff;\n}\n<\/style>\n<div  class='avia-image-container av-av_image-f288c50ac7d31c103455ab0df3467869 av-styling- avia-align-center  avia-builder-el-2  avia-builder-el-no-sibling  '  itemprop=\"image\" itemscope=\"itemscope\" itemtype=\"https:\/\/schema.org\/ImageObject\" ><div class=\"avia-image-container-inner\"><div class=\"avia-image-overlay-wrap\"><img class='wp-image-1404 avia-img-lazy-loading-not-1404 avia_image' src=\"https:\/\/www.overlord.it\/new\/wp-content\/uploads\/2016\/04\/Football_Strategy.gif\" alt='' title='Football_Strategy'  height=\"174\" width=\"126\"  itemprop=\"thumbnailUrl\"  \/><\/div><\/div><\/div><\/div>\n\n<style type=\"text\/css\" data-created_by=\"avia_inline_auto\" id=\"style-css-av-av_one_half-9c1d454dc06f7247226bc4e8f931daae\">\n.flex_column.av-av_one_half-9c1d454dc06f7247226bc4e8f931daae{\nborder-radius:0px 0px 0px 0px;\n-webkit-border-radius:0px 0px 0px 0px;\n-moz-border-radius:0px 0px 0px 0px;\n}\n<\/style>\n<div class='flex_column av-av_one_half-9c1d454dc06f7247226bc4e8f931daae av_one_half  avia-builder-el-3  el_after_av_one_half  el_before_av_one_full  flex_column_div av-zero-column-padding column-top-margin'   ><section  class='av_textblock_section av-av_textblock-0366cc7376be6c9e82a3e9cc8987b64f '  itemscope=\"itemscope\" itemtype=\"https:\/\/schema.org\/CreativeWork\" ><div class='avia_textblock '  itemprop=\"text\" ><p style=\"text-align: justify;\">La squadra in difesa potr\u00e0 scegliere fra 10 tipi di difesa differenti: dalla goal line defense, ottima contro le corse ma vulnerabile contro i lanci, alla prevent, imperforabile da un passaggio ma pessima contro il gioco a terra.<\/p>\n<\/div><\/section><\/div>\n\n<style type=\"text\/css\" data-created_by=\"avia_inline_auto\" id=\"style-css-av-av_one_full-9497bbf8bff73ea4c6992cc17fa9ec36\">\n.flex_column.av-av_one_full-9497bbf8bff73ea4c6992cc17fa9ec36{\nborder-radius:0px 0px 0px 0px;\n-webkit-border-radius:0px 0px 0px 0px;\n-moz-border-radius:0px 0px 0px 0px;\n}\n<\/style>\n<div class='flex_column av-av_one_full-9497bbf8bff73ea4c6992cc17fa9ec36 av_one_full  avia-builder-el-5  el_after_av_one_half  el_before_av_one_half  first flex_column_div av-zero-column-padding column-top-margin'   ><section  class='av_textblock_section av-av_textblock-0366cc7376be6c9e82a3e9cc8987b64f '  itemscope=\"itemscope\" itemtype=\"https:\/\/schema.org\/CreativeWork\" ><div class='avia_textblock '  itemprop=\"text\" ><p style=\"text-align: justify;\">Chi \u00e8 in attacco invece potr\u00e0 contare su 20 schemi offensivi per avanzare il pallone e segnare una meta; a seconda dei gusti si potranno scegliere giochi di corsa interni o esterni, oppure passaggi, e fra questi: passaggi corti e sicuri o rischiosissime bombe che per\u00f2, se azzeccate, regaleranno guadagni lunghi a chi osa.<\/p>\n<p style=\"text-align: justify;\">Le chiamate offensive e difensive si incroceranno su una matrice, chiamata Offensive Chart, dalla quale si estrapoler\u00e0 il risultato del gioco (un guadagno, una perdita, una penalit\u00e0, un incompleto, ecc.). Poi si spunter\u00e0 il tempo sullo scoreboard e si registrer\u00e0 l\u2019effetto della giocata. In pi\u00f9 c\u2019\u00e8 la possibilit\u00e0 di scegliere fra 3 matrici di gioco offensivo:<\/p>\n<\/div><\/section><\/div>\n\n<style type=\"text\/css\" data-created_by=\"avia_inline_auto\" id=\"style-css-av-av_one_half-9497bbf8bff73ea4c6992cc17fa9ec36\">\n.flex_column.av-av_one_half-9497bbf8bff73ea4c6992cc17fa9ec36{\nborder-radius:0px 0px 0px 0px;\n-webkit-border-radius:0px 0px 0px 0px;\n-moz-border-radius:0px 0px 0px 0px;\n}\n<\/style>\n<div class='flex_column av-av_one_half-9497bbf8bff73ea4c6992cc17fa9ec36 av_one_half  avia-builder-el-7  el_after_av_one_full  el_before_av_one_half  first flex_column_div av-zero-column-padding column-top-margin'   ><section  class='av_textblock_section av-av_textblock-0366cc7376be6c9e82a3e9cc8987b64f '  itemscope=\"itemscope\" itemtype=\"https:\/\/schema.org\/CreativeWork\" ><div class='avia_textblock '  itemprop=\"text\" ><p style=\"text-align: justify;\">L\u2019Aerial game per chi predilige il gioco di passaggio e lo spettacolo dei big plays, in grado di spezzare la resistenza di una difesa in un solo istante. Il Ball Control per chi preferisce non rischiare e giocare partite<\/p>\n<\/div><\/section><\/div>\n\n<style type=\"text\/css\" data-created_by=\"avia_inline_auto\" id=\"style-css-av-av_one_half-9c1d454dc06f7247226bc4e8f931daae\">\n.flex_column.av-av_one_half-9c1d454dc06f7247226bc4e8f931daae{\nborder-radius:0px 0px 0px 0px;\n-webkit-border-radius:0px 0px 0px 0px;\n-moz-border-radius:0px 0px 0px 0px;\n}\n<\/style>\n<div class='flex_column av-av_one_half-9c1d454dc06f7247226bc4e8f931daae av_one_half  avia-builder-el-9  el_after_av_one_half  el_before_av_one_full  flex_column_div av-zero-column-padding column-top-margin'   ><style type=\"text\/css\" data-created_by=\"avia_inline_auto\" id=\"style-css-av-av_image-09db37e5fe919610b4bdb46cc1c415cf\">\n.avia-image-container.av-av_image-09db37e5fe919610b4bdb46cc1c415cf .av-image-caption-overlay-center{\ncolor:#ffffff;\n}\n<\/style>\n<div  class='avia-image-container av-av_image-09db37e5fe919610b4bdb46cc1c415cf av-styling- avia-align-center  avia-builder-el-10  avia-builder-el-no-sibling  '  itemprop=\"image\" itemscope=\"itemscope\" itemtype=\"https:\/\/schema.org\/ImageObject\" ><div class=\"avia-image-container-inner\"><div class=\"avia-image-overlay-wrap\"><img class='wp-image-1403 avia-img-lazy-loading-not-1403 avia_image' src=\"https:\/\/www.overlord.it\/new\/wp-content\/uploads\/2016\/04\/TEMPLATE-si-football-strategy-parts-1978-EX-NM-300x188.jpg\" alt='' title='TEMPLATE si football strategy parts 1978 EX-NM'  height=\"188\" width=\"300\"  itemprop=\"thumbnailUrl\" srcset=\"https:\/\/www.overlord.it\/new\/wp-content\/uploads\/2016\/04\/TEMPLATE-si-football-strategy-parts-1978-EX-NM-300x188.jpg 300w, https:\/\/www.overlord.it\/new\/wp-content\/uploads\/2016\/04\/TEMPLATE-si-football-strategy-parts-1978-EX-NM-450x282.jpg 450w, https:\/\/www.overlord.it\/new\/wp-content\/uploads\/2016\/04\/TEMPLATE-si-football-strategy-parts-1978-EX-NM.jpg 633w\" sizes=\"(max-width: 300px) 100vw, 300px\" \/><\/div><\/div><\/div><\/div>\n\n<style type=\"text\/css\" data-created_by=\"avia_inline_auto\" id=\"style-css-av-av_one_full-9497bbf8bff73ea4c6992cc17fa9ec36\">\n.flex_column.av-av_one_full-9497bbf8bff73ea4c6992cc17fa9ec36{\nborder-radius:0px 0px 0px 0px;\n-webkit-border-radius:0px 0px 0px 0px;\n-moz-border-radius:0px 0px 0px 0px;\n}\n<\/style>\n<div class='flex_column av-av_one_full-9497bbf8bff73ea4c6992cc17fa9ec36 av_one_full  avia-builder-el-11  el_after_av_one_half  el_before_av_hr  first flex_column_div av-zero-column-padding column-top-margin'   ><section  class='av_textblock_section av-av_textblock-0366cc7376be6c9e82a3e9cc8987b64f '  itemscope=\"itemscope\" itemtype=\"https:\/\/schema.org\/CreativeWork\" ><div class='avia_textblock '  itemprop=\"text\" ><p style=\"text-align: justify;\">in cui il ritmo e la continuit\u00e0 siano le armi per prevalere. La Pro Style Offense che \u00e8 un attacco equilibrato per chi vuole essere meno prevedibile e per poter variare liberamente fra corse e passaggi.<br \/>\nOltre a tutto questo sono presenti varie tabelle che si utilizzeranno per simulare particolari situazioni di gioco come: kick-offs, punts, ritorni, field goals, ecc. In questi frangenti si far\u00e0 ricorso ai dadi che potranno influenzare in qualche modo l\u2019andamento della partita, ma ricordate: gli effetti delle chiamate saranno sempre il risultato delle scelte dei due coaches che si fronteggiano!<br \/>\nE\u2019 questo il fascino di un gioco che \u00e8 fondamentalmente uno scontro di cervelli e di carattere, e che giocato in forma di torneo, \u00e8 in grado di stregare anche chi di football ne mastica poco.<\/p>\n<\/div><\/section><\/div>\n<div  class='hr av-av_hr-dcd2069817a0e3d34ae04cad8f3443c7 hr-default  avia-builder-el-13  el_after_av_one_full  el_before_av_headline_rotator  '><span class='hr-inner '><span class=\"hr-inner-style\"><\/span><\/span><\/div>\n\n<style type=\"text\/css\" data-created_by=\"avia_inline_auto\" id=\"style-css-av-av_headline_rotator-14ba450d2babedfa4901a5c009f25c37\">\n#top .av-rotator-container.av-av_headline_rotator-14ba450d2babedfa4901a5c009f25c37{\ntext-align:left;\ncolor:#4594e8;\nmargin:0 0 0 0;\n}\n<\/style>\n\n<style type=\"text\/css\" data-created_by=\"avia_inline_auto\" id=\"style-css-sub-av-av_headline_rotator-14ba450d2babedfa4901a5c009f25c37\">\n#top .av-rotator-container .av-rotator-text-single.av-av_rotator_item-841c8d055b8748be2dac6298d0426434{\ncolor:#f9343b;\n}\n<\/style>\n<div  class='av-rotator-container av-rotation-container-left av-av_headline_rotator-14ba450d2babedfa4901a5c009f25c37  avia-builder-el-14  el_after_av_hr  avia-builder-el-last  ' data-interval='5' data-animation='1'><h3 class='av-rotator-container-inner '>Tutte le stagioni della O.F.L.<span class='av-rotator-text av-rotator-multiline-off '>\n<a href=' http:\/\/www.overlord.it\/new\/index.php\/overlord-football-league-2\/ '   class='av-rotator-text-single av-av_rotator_item-841c8d055b8748be2dac6298d0426434 av-rotator-text-single-1'>La mitica Overlord Football League<\/a>\n<\/span><\/h3><\/div>\n","protected":false},"excerpt":{"rendered":"","protected":false},"author":23,"featured_media":0,"parent":0,"menu_order":0,"comment_status":"closed","ping_status":"closed","template":"","meta":{"ngg_post_thumbnail":0},"_links":{"self":[{"href":"https:\/\/www.overlord.it\/new\/wp-json\/wp\/v2\/pages\/1180"}],"collection":[{"href":"https:\/\/www.overlord.it\/new\/wp-json\/wp\/v2\/pages"}],"about":[{"href":"https:\/\/www.overlord.it\/new\/wp-json\/wp\/v2\/types\/page"}],"author":[{"embeddable":true,"href":"https:\/\/www.overlord.it\/new\/wp-json\/wp\/v2\/users\/23"}],"replies":[{"embeddable":true,"href":"https:\/\/www.overlord.it\/new\/wp-json\/wp\/v2\/comments?post=1180"}],"version-history":[{"count":9,"href":"https:\/\/www.overlord.it\/new\/wp-json\/wp\/v2\/pages\/1180\/revisions"}],"predecessor-version":[{"id":1496,"href":"https:\/\/www.overlord.it\/new\/wp-json\/wp\/v2\/pages\/1180\/revisions\/1496"}],"wp:attachment":[{"href":"https:\/\/www.overlord.it\/new\/wp-json\/wp\/v2\/media?parent=1180"}],"curies":[{"name":"wp","href":"https:\/\/api.w.org\/{rel}","templated":true}]}}