{"id":1206,"date":"2016-04-24T13:54:30","date_gmt":"2016-04-24T11:54:30","guid":{"rendered":"http:\/\/www.overlord.it\/new\/?page_id=1206"},"modified":"2016-04-26T15:08:05","modified_gmt":"2016-04-26T13:08:05","slug":"top-driver-gp","status":"publish","type":"page","link":"https:\/\/www.overlord.it\/new\/top-driver-gp\/","title":{"rendered":"Top Driver GP"},"content":{"rendered":"<section  class='av_textblock_section av-av_textblock-0366cc7376be6c9e82a3e9cc8987b64f '  itemscope=\"itemscope\" itemtype=\"https:\/\/schema.org\/CreativeWork\" ><div class='avia_textblock '  itemprop=\"text\" ><h3 style=\"text-align: justify;\"><span style=\"color: #f9343b;\">Top Driver GP <\/span><\/h3>\n<p style=\"text-align: justify;\">\u00e8 un gioco sui Gran Premi di Formula 1, che trasferisce il popolare sistema di Top Driver dai rally alle gare su pista, con gli ovvii ed opportuni aggiustamenti. Si tratta di una simulazione abbastanza realistica che per\u00f2 garantisce ai giocatori emozioni e colpi di scena (sicuramente pi\u00f9 degli odierni GP).<\/p>\n<p style=\"text-align: justify;\">Il gioco si svolge in turni numerati, durante i quali muovono i concorrenti. Ogni turno \u00e8 diviso in fasi, una per ogni concorrente in gara. L\u2019ordine con cui si muove \u00e8 determinato dalla posizione in gara. Ogni concorrente, all&#8217;inizio della propria fase sceglie la marcia da inserire, quindi muove (o arresta) la vettura.<\/p>\n<p style=\"text-align: justify;\">In generale, durante il suo turno di gioco ogni concorrente decide la marcia da inserire sulla sua vettura e tira un dado da 8 (aggiustato da eventuali modificatori) sulla Tabella Rischio per verificare quale coefficiente di difficolt\u00e0 pu\u00f2 affrontare in quel turno. Naturalmente, le scelte tattiche azzeccate, una buona strategia e una piccola dose di fortuna saranno indispensabili per ottenere dei risultati. I tracciati riproducono alcuni dei circuiti su cui si disputa il mondiale di Formula 1.<\/p>\n<\/div><\/section>\n\n<style type=\"text\/css\" data-created_by=\"avia_inline_auto\" id=\"style-css-av-av_one_half-9497bbf8bff73ea4c6992cc17fa9ec36\">\n.flex_column.av-av_one_half-9497bbf8bff73ea4c6992cc17fa9ec36{\nborder-radius:0px 0px 0px 0px;\n-webkit-border-radius:0px 0px 0px 0px;\n-moz-border-radius:0px 0px 0px 0px;\n}\n<\/style>\n<div class='flex_column av-av_one_half-9497bbf8bff73ea4c6992cc17fa9ec36 av_one_half  avia-builder-el-1  el_after_av_textblock  el_before_av_one_half  first flex_column_div av-zero-column-padding column-top-margin'   ><style type=\"text\/css\" data-created_by=\"avia_inline_auto\" id=\"style-css-av-av_image-c8441920311e845d0bae5f3d709017bb\">\n.avia-image-container.av-av_image-c8441920311e845d0bae5f3d709017bb .av-image-caption-overlay-center{\ncolor:#ffffff;\n}\n<\/style>\n<div  class='avia-image-container av-av_image-c8441920311e845d0bae5f3d709017bb av-styling- avia-align-center  avia-builder-el-2  avia-builder-el-no-sibling  '  itemprop=\"image\" itemscope=\"itemscope\" itemtype=\"https:\/\/schema.org\/ImageObject\" ><div class=\"avia-image-container-inner\"><div class=\"avia-image-overlay-wrap\"><img class='wp-image-1488 avia-img-lazy-loading-not-1488 avia_image' src=\"https:\/\/www.overlord.it\/new\/wp-content\/uploads\/2016\/04\/inderx.jpg\" alt='' title='inderx'  height=\"173\" width=\"291\"  itemprop=\"thumbnailUrl\"  \/><\/div><\/div><\/div><\/div>\n\n<style type=\"text\/css\" data-created_by=\"avia_inline_auto\" id=\"style-css-av-av_one_half-9c1d454dc06f7247226bc4e8f931daae\">\n.flex_column.av-av_one_half-9c1d454dc06f7247226bc4e8f931daae{\nborder-radius:0px 0px 0px 0px;\n-webkit-border-radius:0px 0px 0px 0px;\n-moz-border-radius:0px 0px 0px 0px;\n}\n<\/style>\n<div class='flex_column av-av_one_half-9c1d454dc06f7247226bc4e8f931daae av_one_half  avia-builder-el-3  el_after_av_one_half  el_before_av_one_full  flex_column_div av-zero-column-padding column-top-margin'   ><section  class='av_textblock_section av-av_textblock-0366cc7376be6c9e82a3e9cc8987b64f '  itemscope=\"itemscope\" itemtype=\"https:\/\/schema.org\/CreativeWork\" ><div class='avia_textblock '  itemprop=\"text\" ><p style=\"text-align: justify;\">Ogni circuito \u00e8 suddiviso in caselle (ciascuna rappresenta 100 metri di pista) ed ogni casella ha un livello di difficolt\u00e0, che varia da 0 a 5: 0 = nessuna difficolt\u00e0; 5= massima difficolt\u00e0.<\/p>\n<\/div><\/section><\/div>\n\n<style type=\"text\/css\" data-created_by=\"avia_inline_auto\" id=\"style-css-av-av_one_full-9497bbf8bff73ea4c6992cc17fa9ec36\">\n.flex_column.av-av_one_full-9497bbf8bff73ea4c6992cc17fa9ec36{\nborder-radius:0px 0px 0px 0px;\n-webkit-border-radius:0px 0px 0px 0px;\n-moz-border-radius:0px 0px 0px 0px;\n}\n<\/style>\n<div class='flex_column av-av_one_full-9497bbf8bff73ea4c6992cc17fa9ec36 av_one_full  avia-builder-el-5  el_after_av_one_half  avia-builder-el-last  first flex_column_div av-zero-column-padding column-top-margin'   ><p>\n<style type=\"text\/css\" data-created_by=\"avia_inline_auto\" id=\"style-css-av-av_heading-d906b9a558fcff16b0cbb6184cc630cb\">\n#top .av-special-heading.av-av_heading-d906b9a558fcff16b0cbb6184cc630cb{\npadding-bottom:10px;\ncolor:#f9343b;\n}\n.av-special-heading.av-av_heading-d906b9a558fcff16b0cbb6184cc630cb .special-heading-inner-border{\nborder-color:#f9343b;\n}\n<\/style>\n<div  class='av-special-heading av-av_heading-d906b9a558fcff16b0cbb6184cc630cb av-special-heading-h3 custom-color-heading  avia-builder-el-6  el_before_av_textblock  avia-builder-el-first  '><h3 class='av-special-heading-tag '  itemprop=\"headline\"  >Tutti i Campionati di Top Driver GP<\/h3><div class='special-heading-border'><div class='special-heading-inner-border'><\/div><\/div><\/div><br \/>\n<section  class='av_textblock_section av-av_textblock-0366cc7376be6c9e82a3e9cc8987b64f '  itemscope=\"itemscope\" itemtype=\"https:\/\/schema.org\/CreativeWork\" ><div class='avia_textblock '  itemprop=\"text\" ><p style=\"text-align: justify;\"><strong><a href=\"http:\/\/www.overlord.it\/new\/index.php\/top-driver-gp-2010\/\"><span style=\"color: #3366ff;\">Top Driver GP 2010<\/span><\/a><\/strong><\/p>\n<p style=\"text-align: justify;\"><a href=\"http:\/\/www.overlord.it\/new\/index.php\/top-driver-gp-2011\/\"><strong><span style=\"color: #3366ff;\">Top Driver GP 2011<\/span><\/strong><\/a><\/p>\n<\/div><\/section><\/p><\/div>\n","protected":false},"excerpt":{"rendered":"","protected":false},"author":23,"featured_media":0,"parent":0,"menu_order":0,"comment_status":"closed","ping_status":"closed","template":"","meta":{"ngg_post_thumbnail":0},"_links":{"self":[{"href":"https:\/\/www.overlord.it\/new\/wp-json\/wp\/v2\/pages\/1206"}],"collection":[{"href":"https:\/\/www.overlord.it\/new\/wp-json\/wp\/v2\/pages"}],"about":[{"href":"https:\/\/www.overlord.it\/new\/wp-json\/wp\/v2\/types\/page"}],"author":[{"embeddable":true,"href":"https:\/\/www.overlord.it\/new\/wp-json\/wp\/v2\/users\/23"}],"replies":[{"embeddable":true,"href":"https:\/\/www.overlord.it\/new\/wp-json\/wp\/v2\/comments?post=1206"}],"version-history":[{"count":8,"href":"https:\/\/www.overlord.it\/new\/wp-json\/wp\/v2\/pages\/1206\/revisions"}],"predecessor-version":[{"id":1644,"href":"https:\/\/www.overlord.it\/new\/wp-json\/wp\/v2\/pages\/1206\/revisions\/1644"}],"wp:attachment":[{"href":"https:\/\/www.overlord.it\/new\/wp-json\/wp\/v2\/media?parent=1206"}],"curies":[{"name":"wp","href":"https:\/\/api.w.org\/{rel}","templated":true}]}}