{"id":1221,"date":"2016-04-25T02:19:48","date_gmt":"2016-04-25T00:19:48","guid":{"rendered":"http:\/\/www.overlord.it\/new\/?page_id=1221"},"modified":"2023-06-23T23:24:35","modified_gmt":"2023-06-23T21:24:35","slug":"world-in-flames","status":"publish","type":"page","link":"https:\/\/www.overlord.it\/new\/world-in-flames\/","title":{"rendered":"World in Flames"},"content":{"rendered":"\n<style type=\"text\/css\" data-created_by=\"avia_inline_auto\" id=\"style-css-av-tlb5dh-4000c68f463f147e21973cc4c3d86047\">\n.flex_column.av-tlb5dh-4000c68f463f147e21973cc4c3d86047{\nborder-radius:0px 0px 0px 0px;\n-webkit-border-radius:0px 0px 0px 0px;\n-moz-border-radius:0px 0px 0px 0px;\n}\n<\/style>\n<div class='flex_column av-tlb5dh-4000c68f463f147e21973cc4c3d86047 av_one_full  avia-builder-el-0  el_before_av_textblock  avia-builder-el-first  first flex_column_div av-zero-column-padding '   ><style type=\"text\/css\" data-created_by=\"avia_inline_auto\" id=\"style-css-av-rivyr9-33fb0643f73694b6d847997886b420f5\">\n#top .av-special-heading.av-rivyr9-33fb0643f73694b6d847997886b420f5{\npadding-bottom:10px;\ncolor:#f9343b;\n}\n.av-special-heading.av-rivyr9-33fb0643f73694b6d847997886b420f5 .special-heading-inner-border{\nborder-color:#f9343b;\n}\n<\/style>\n<div  class='av-special-heading av-rivyr9-33fb0643f73694b6d847997886b420f5 av-special-heading-h3 custom-color-heading  avia-builder-el-1  avia-builder-el-no-sibling  '><h3 class='av-special-heading-tag '  itemprop=\"headline\"  >World in Flames Deluxe Edition<\/h3><div class='special-heading-border'><div class='special-heading-inner-border'><\/div><\/div><\/div><\/div>\n<section  class='av_textblock_section av-poo4ut-0bd617a1c7891e51482d2abba28c8589 '  itemscope=\"itemscope\" itemtype=\"https:\/\/schema.org\/CreativeWork\" ><div class='avia_textblock '  itemprop=\"text\" ><p style=\"text-align: justify;\">Chiunque sia appassionato di Wargame e della seconda guerra mondiale avr\u00e0 sempre avuto come sogno nel cassetto quello di poter rigiocare su tavolo questo enorme conflitto. Il vero problema \u00e8 che una guerra di queste proporzioni risulta difficile da riprodurre in tutta la sua complessit\u00e0, con tutte le sue infinite variabili logistiche, militari, politiche ed economiche. La domanda che viene spontanea allora \u00e8: esiste un gioco in grado di soddisfare il giocatore pi\u00f9 esigente in vena di conquista planetaria? La risposta \u00e8 si e si chiama \u201c<strong><span style=\"color: #3366ff;\"><a style=\"color: #3366ff;\" href=\"https:\/\/boardgamegeek.com\/boardgame\/1499\/world-flames\">World in Flames<\/a><\/span><\/strong>\u201d.<\/p>\n<p style=\"text-align: justify;\">\n<p style=\"text-align: justify;\">Il gioco comprende due mappe esagonate distinte: una riproduce l&#8217;Europa ed il nord Africa, l&#8217;altra invece l&#8217;Asia e l&#8217;oceano Pacifico. In tal modo \u00e8 possibile scegliere di giocare sul solo teatro europeo o pacifico (cosa indicata se si \u00e8 solo in due) o di simulare l&#8217;intero conflitto mondiale unendo le due mappe su una superficie complessiva maggiore di un tavolo da cucina!!<\/p>\n<p style=\"text-align: justify;\">\n<p style=\"text-align: center;\">\n<\/div><\/section>\n\n<style type=\"text\/css\" data-created_by=\"avia_inline_auto\" id=\"style-css-av-orcpud-0b79d0b405c7ff28631aea9dc9d1553b\">\n.flex_column.av-orcpud-0b79d0b405c7ff28631aea9dc9d1553b{\nborder-radius:0px 0px 0px 0px;\n-webkit-border-radius:0px 0px 0px 0px;\n-moz-border-radius:0px 0px 0px 0px;\n}\n<\/style>\n<div class='flex_column av-orcpud-0b79d0b405c7ff28631aea9dc9d1553b av_one_half  avia-builder-el-3  el_after_av_textblock  el_before_av_one_half  first flex_column_div av-zero-column-padding column-top-margin'   ><section  class='av_textblock_section av-n2d2mt-c8f0a09148e765c6780e1d2b142b1966 '  itemscope=\"itemscope\" itemtype=\"https:\/\/schema.org\/CreativeWork\" ><div class='avia_textblock '  itemprop=\"text\" ><p style=\"text-align: justify;\">World in Flames \u00e8 un wargame strategico progettato da <strong><span style=\"color: #3366ff;\"><a style=\"color: #3366ff;\" href=\"https:\/\/boardgamegeek.com\/boardgamedesigner\/296\/harry-rowland\">Harry Rowland<\/a><\/span><\/strong> e pubblicato nel 1985 da <strong><span style=\"color: #3366ff;\"><a style=\"color: #3366ff;\" href=\"http:\/\/www.a-d-g.com.au\/\">Australian Design Group<\/a><\/span><\/strong>. Si tratta di un gioco che ripropone gli scenari della Seconda guerra mondiale su scala planetaria, iniziando dall\u2019invasione della Polonia da parte dei tedeschi nel 1939 e terminando con la resa della Germania e del Giappone nel 1945.<\/p>\n<\/div><\/section><\/div>\n\n<style type=\"text\/css\" data-created_by=\"avia_inline_auto\" id=\"style-css-av-l5s5gl-e252d999b4a9184a95d86b340e95b7e9\">\n.flex_column.av-l5s5gl-e252d999b4a9184a95d86b340e95b7e9{\nborder-radius:0px 0px 0px 0px;\n-webkit-border-radius:0px 0px 0px 0px;\n-moz-border-radius:0px 0px 0px 0px;\n}\n<\/style>\n<div class='flex_column av-l5s5gl-e252d999b4a9184a95d86b340e95b7e9 av_one_half  avia-builder-el-5  el_after_av_one_half  el_before_av_one_half  flex_column_div av-zero-column-padding column-top-margin'   ><style type=\"text\/css\" data-created_by=\"avia_inline_auto\" id=\"style-css-av-j75xed-4cdd808f7ce6889d6bdccc7cc64bdae7\">\n.avia-image-container.av-j75xed-4cdd808f7ce6889d6bdccc7cc64bdae7 .av-image-caption-overlay-center{\ncolor:#ffffff;\n}\n<\/style>\n<div  class='avia-image-container av-j75xed-4cdd808f7ce6889d6bdccc7cc64bdae7 av-styling- avia-align-center  avia-builder-el-6  avia-builder-el-no-sibling  '  itemprop=\"image\" itemscope=\"itemscope\" itemtype=\"https:\/\/schema.org\/ImageObject\" ><div class=\"avia-image-container-inner\"><div class=\"avia-image-overlay-wrap\"><img class='wp-image-1406 avia-img-lazy-loading-not-1406 avia_image' src=\"https:\/\/www.overlord.it\/new\/wp-content\/uploads\/2016\/04\/images.jpg\" alt='' title='images'  height=\"261\" width=\"193\"  itemprop=\"thumbnailUrl\"  \/><\/div><\/div><\/div><\/div>\n\n<style type=\"text\/css\" data-created_by=\"avia_inline_auto\" id=\"style-css-av-g4znwl-5d5e5b67b63b2e8b0278104bb4b39ebb\">\n.flex_column.av-g4znwl-5d5e5b67b63b2e8b0278104bb4b39ebb{\nborder-radius:0px 0px 0px 0px;\n-webkit-border-radius:0px 0px 0px 0px;\n-moz-border-radius:0px 0px 0px 0px;\n}\n<\/style>\n<div class='flex_column av-g4znwl-5d5e5b67b63b2e8b0278104bb4b39ebb av_one_half  avia-builder-el-7  el_after_av_one_half  el_before_av_one_half  first flex_column_div av-zero-column-padding column-top-margin'   ><style type=\"text\/css\" data-created_by=\"avia_inline_auto\" id=\"style-css-av-edlfet-3f24eafb9b66372fce8abb8aebe3f239\">\n.avia-image-container.av-edlfet-3f24eafb9b66372fce8abb8aebe3f239 .av-image-caption-overlay-center{\ncolor:#ffffff;\n}\n<\/style>\n<div  class='avia-image-container av-edlfet-3f24eafb9b66372fce8abb8aebe3f239 av-styling- avia-align-center  avia-builder-el-8  avia-builder-el-no-sibling  '  itemprop=\"image\" itemscope=\"itemscope\" itemtype=\"https:\/\/schema.org\/ImageObject\" ><div class=\"avia-image-container-inner\"><div class=\"avia-image-overlay-wrap\"><img class='wp-image-1564 avia-img-lazy-loading-not-1564 avia_image' src=\"https:\/\/www.overlord.it\/new\/wp-content\/uploads\/2016\/04\/pic167021-224x300.jpg\" alt='' title='pic167021'  height=\"300\" width=\"224\"  itemprop=\"thumbnailUrl\"  \/><\/div><\/div><\/div><\/div>\n\n<style type=\"text\/css\" data-created_by=\"avia_inline_auto\" id=\"style-css-av-cbjymd-cabfb90a24c63c2d17e03deeea9b54e2\">\n.flex_column.av-cbjymd-cabfb90a24c63c2d17e03deeea9b54e2{\nborder-radius:0px 0px 0px 0px;\n-webkit-border-radius:0px 0px 0px 0px;\n-moz-border-radius:0px 0px 0px 0px;\n}\n<\/style>\n<div class='flex_column av-cbjymd-cabfb90a24c63c2d17e03deeea9b54e2 av_one_half  avia-builder-el-9  el_after_av_one_half  el_before_av_one_full  flex_column_div av-zero-column-padding column-top-margin'   ><section  class='av_textblock_section av-b9y81x-6f06d9c2bdea5c27f0950347a4104699 '  itemscope=\"itemscope\" itemtype=\"https:\/\/schema.org\/CreativeWork\" ><div class='avia_textblock '  itemprop=\"text\" ><p style=\"text-align: justify;\">Nel gioco sono presenti tutte la maggiori potenze interessate (Germania, Italia, Gran Bretagna, Giappone, Russia, Stati Uniti, Francia) pi\u00f9 tutta una serie di staterelli di seconda importanza, ma comunque dotati di proprie pedine a rappresentarne le forze militari (c&#8217;\u00e8 addirittura la persia!!!).<\/p>\n<\/div><\/section><\/div>\n\n<style type=\"text\/css\" data-created_by=\"avia_inline_auto\" id=\"style-css-av-9jt7n9-d3d3ce8df6014aaa4061e991db8a8019\">\n.flex_column.av-9jt7n9-d3d3ce8df6014aaa4061e991db8a8019{\nborder-radius:0px 0px 0px 0px;\n-webkit-border-radius:0px 0px 0px 0px;\n-moz-border-radius:0px 0px 0px 0px;\n}\n<\/style>\n<div class='flex_column av-9jt7n9-d3d3ce8df6014aaa4061e991db8a8019 av_one_full  avia-builder-el-11  el_after_av_one_half  el_before_av_one_full  first flex_column_div av-zero-column-padding column-top-margin'   ><section  class='av_textblock_section av-887e45-3c630b5d122adcd75300b65521b48a69 '  itemscope=\"itemscope\" itemtype=\"https:\/\/schema.org\/CreativeWork\" ><div class='avia_textblock '  itemprop=\"text\" ><p style=\"text-align: justify;\">Diverse pedine rappresentano vari corpi militari: fanteria, mezzi corazzati, alpini, paracadutisti, cavalleria, caccia, bombardieri, bombardieri navali o strategici, insomma chi pi\u00f9 ne ha pi\u00f9 ne metta&#8230;e non dimentichiamoci della marina: per ogni nave maggiore che prese realmente parte al conflitto esiste un segnalino unico che ne riporta sopra il nome con la data del varo e se nel caso anche&#8230;dell&#8217;affondamento!!<\/p>\n<\/div><\/section><\/div>\n\n<style type=\"text\/css\" data-created_by=\"avia_inline_auto\" id=\"style-css-av-5imvhx-93357daba2c6d8395728aeeeb933693e\">\n.flex_column.av-5imvhx-93357daba2c6d8395728aeeeb933693e{\nborder-radius:0px 0px 0px 0px;\n-webkit-border-radius:0px 0px 0px 0px;\n-moz-border-radius:0px 0px 0px 0px;\n}\n<\/style>\n<div class='flex_column av-5imvhx-93357daba2c6d8395728aeeeb933693e av_one_full  avia-builder-el-13  el_after_av_one_full  avia-builder-el-last  first flex_column_div av-zero-column-padding column-top-margin'   ><p>\n<style type=\"text\/css\" data-created_by=\"avia_inline_auto\" id=\"style-css-av-4ezu1h-823f7a07c0574ca0bdc0ffccab8057d2\">\n#top .av-special-heading.av-4ezu1h-823f7a07c0574ca0bdc0ffccab8057d2{\npadding-bottom:10px;\ncolor:#f9343b;\n}\n.av-special-heading.av-4ezu1h-823f7a07c0574ca0bdc0ffccab8057d2 .special-heading-inner-border{\nborder-color:#f9343b;\n}\n<\/style>\n<div  class='av-special-heading av-4ezu1h-823f7a07c0574ca0bdc0ffccab8057d2 av-special-heading-h3 custom-color-heading  avia-builder-el-14  el_before_av_textblock  avia-builder-el-first  '><h3 class='av-special-heading-tag '  itemprop=\"headline\"  >Padova in Flames 2008<\/h3><div class='special-heading-border'><div class='special-heading-inner-border'><\/div><\/div><\/div><br \/>\n<section  class='av_textblock_section av-2w8t91-b5e770bede56b43e1758f3ff2815a22b '  itemscope=\"itemscope\" itemtype=\"https:\/\/schema.org\/CreativeWork\" ><div class='avia_textblock '  itemprop=\"text\" ><p style=\"text-align: center;\">La <strong><span style=\"color: #3366ff;\"><a style=\"color: #3366ff;\" href=\"http:\/\/www.overlord.it\/new\/a\/\">cronaca<\/a><\/span><\/strong> della pi\u00f9 lunga partita giocata (finora) al Circolo!<\/p>\n<\/div><\/section><\/p><\/div>\n","protected":false},"excerpt":{"rendered":"","protected":false},"author":23,"featured_media":0,"parent":0,"menu_order":0,"comment_status":"closed","ping_status":"closed","template":"","meta":{"ngg_post_thumbnail":0},"_links":{"self":[{"href":"https:\/\/www.overlord.it\/new\/wp-json\/wp\/v2\/pages\/1221"}],"collection":[{"href":"https:\/\/www.overlord.it\/new\/wp-json\/wp\/v2\/pages"}],"about":[{"href":"https:\/\/www.overlord.it\/new\/wp-json\/wp\/v2\/types\/page"}],"author":[{"embeddable":true,"href":"https:\/\/www.overlord.it\/new\/wp-json\/wp\/v2\/users\/23"}],"replies":[{"embeddable":true,"href":"https:\/\/www.overlord.it\/new\/wp-json\/wp\/v2\/comments?post=1221"}],"version-history":[{"count":15,"href":"https:\/\/www.overlord.it\/new\/wp-json\/wp\/v2\/pages\/1221\/revisions"}],"predecessor-version":[{"id":2609,"href":"https:\/\/www.overlord.it\/new\/wp-json\/wp\/v2\/pages\/1221\/revisions\/2609"}],"wp:attachment":[{"href":"https:\/\/www.overlord.it\/new\/wp-json\/wp\/v2\/media?parent=1221"}],"curies":[{"name":"wp","href":"https:\/\/api.w.org\/{rel}","templated":true}]}}