{"id":1242,"date":"2016-04-24T11:37:22","date_gmt":"2016-04-24T09:37:22","guid":{"rendered":"http:\/\/www.overlord.it\/new\/?page_id=1242"},"modified":"2016-04-24T13:30:12","modified_gmt":"2016-04-24T11:30:12","slug":"formula-de","status":"publish","type":"page","link":"https:\/\/www.overlord.it\/new\/formula-de\/","title":{"rendered":"Formula D\u00e9"},"content":{"rendered":"<section  class='av_textblock_section av-av_textblock-0366cc7376be6c9e82a3e9cc8987b64f '  itemscope=\"itemscope\" itemtype=\"https:\/\/schema.org\/CreativeWork\" ><div class='avia_textblock '  itemprop=\"text\" ><h3 style=\"text-align: justify;\"><strong><span style=\"color: #f9131b;\">Formula D\u00e9<\/span>\u00a0 <\/strong><\/h3>\n<p style=\"text-align: justify;\">\u00e8 un gioco da tavolo che simula un campionato di Formula 1. Lo scopo del gioco \u00e8 percorrere una o pi\u00f9 volte un percorso ispirato a un circuito reale. Lo scopo del gioco \u00e8 di vincere una gara automobilistica tagliando per primi il traguardo. Ci\u00f2 pu\u00f2 avvenire solo se il pilota segua determinate regole, abbia una strategia vincente, controlli le condizioni meccaniche della propria auto e abbia un po&#8217; di fortuna.<\/p>\n<\/div><\/section>\n\n<style type=\"text\/css\" data-created_by=\"avia_inline_auto\" id=\"style-css-av-av_one_half-9497bbf8bff73ea4c6992cc17fa9ec36\">\n.flex_column.av-av_one_half-9497bbf8bff73ea4c6992cc17fa9ec36{\nborder-radius:0px 0px 0px 0px;\n-webkit-border-radius:0px 0px 0px 0px;\n-moz-border-radius:0px 0px 0px 0px;\n}\n<\/style>\n<div class='flex_column av-av_one_half-9497bbf8bff73ea4c6992cc17fa9ec36 av_one_half  avia-builder-el-1  el_after_av_textblock  el_before_av_one_half  first flex_column_div av-zero-column-padding column-top-margin'   ><section  class='av_textblock_section av-av_textblock-0366cc7376be6c9e82a3e9cc8987b64f '  itemscope=\"itemscope\" itemtype=\"https:\/\/schema.org\/CreativeWork\" ><div class='avia_textblock '  itemprop=\"text\" ><p style=\"text-align: justify;\">Il pilota ha inoltre gli strumenti per vincere, cio\u00e8 la sua macchina. Per partecipare procede con il distribuire dei punti di vettura (PDV) fra le varie parti fondamentali dell&#8217;auto: gomme, freni, consumo, motore, telaio e sospensioni.<\/p>\n<\/div><\/section><\/div>\n\n<style type=\"text\/css\" data-created_by=\"avia_inline_auto\" id=\"style-css-av-av_one_half-9c1d454dc06f7247226bc4e8f931daae\">\n.flex_column.av-av_one_half-9c1d454dc06f7247226bc4e8f931daae{\nborder-radius:0px 0px 0px 0px;\n-webkit-border-radius:0px 0px 0px 0px;\n-moz-border-radius:0px 0px 0px 0px;\n}\n<\/style>\n<div class='flex_column av-av_one_half-9c1d454dc06f7247226bc4e8f931daae av_one_half  avia-builder-el-3  el_after_av_one_half  el_before_av_textblock  flex_column_div av-zero-column-padding column-top-margin'   ><style type=\"text\/css\" data-created_by=\"avia_inline_auto\" id=\"style-css-av-av_image-0dee85614b95dc3d73e9dd709d4528f7\">\n.avia-image-container.av-av_image-0dee85614b95dc3d73e9dd709d4528f7 .av-image-caption-overlay-center{\ncolor:#ffffff;\n}\n<\/style>\n<div  class='avia-image-container av-av_image-0dee85614b95dc3d73e9dd709d4528f7 av-styling- avia-align-center  avia-builder-el-4  avia-builder-el-no-sibling  '  itemprop=\"image\" itemscope=\"itemscope\" itemtype=\"https:\/\/schema.org\/ImageObject\" ><div class=\"avia-image-container-inner\"><div class=\"avia-image-overlay-wrap\"><img class='wp-image-1402 avia-img-lazy-loading-not-1402 avia_image' src=\"https:\/\/www.overlord.it\/new\/wp-content\/uploads\/2016\/04\/FD-00-01_Monaco-300x196.jpg\" alt='' title='FD-00-01_Monaco'  height=\"196\" width=\"300\"  itemprop=\"thumbnailUrl\" srcset=\"https:\/\/www.overlord.it\/new\/wp-content\/uploads\/2016\/04\/FD-00-01_Monaco-300x196.jpg 300w, https:\/\/www.overlord.it\/new\/wp-content\/uploads\/2016\/04\/FD-00-01_Monaco-450x295.jpg 450w, https:\/\/www.overlord.it\/new\/wp-content\/uploads\/2016\/04\/FD-00-01_Monaco.jpg 550w\" sizes=\"(max-width: 300px) 100vw, 300px\" \/><\/div><\/div><\/div><\/div>\n<section  class='av_textblock_section av-av_textblock-0366cc7376be6c9e82a3e9cc8987b64f '  itemscope=\"itemscope\" itemtype=\"https:\/\/schema.org\/CreativeWork\" ><div class='avia_textblock '  itemprop=\"text\" ><p style=\"text-align: justify;\">Nelle gare da tre giri, il pilota ha 2 PDV in pi\u00f9, cio\u00e8 i meccanici, che servono per la sosta ai box. Ogni vettura pu\u00f2 spostarsi sul circuito seguendo la traiettoria che pi\u00f9 gli fa comodo, scegliendone comunque una pi\u00f9 rettilinea possibile<\/p>\n<p style=\"text-align: justify;\">Per decidere di quante caselle spostarsi, si tira a turno un dado, che dipende dalla marcia inserita: in prima si tira un dado tetraedrico con stampati solo i numeri uno e due; a marce pi\u00f9 alte corrispondono dadi con stampati numeri pi\u00f9 grandi.<\/p>\n<\/div><\/section>\n\n<style type=\"text\/css\" data-created_by=\"avia_inline_auto\" id=\"style-css-av-av_heading-e93aba1e8c962b0806c26141f645db37\">\n#top .av-special-heading.av-av_heading-e93aba1e8c962b0806c26141f645db37{\npadding-bottom:10px;\ncolor:#f9131b;\n}\n.av-special-heading.av-av_heading-e93aba1e8c962b0806c26141f645db37 .special-heading-inner-border{\nborder-color:#f9131b;\n}\n<\/style>\n<div  class='av-special-heading av-av_heading-e93aba1e8c962b0806c26141f645db37 av-special-heading-h3 custom-color-heading  avia-builder-el-6  el_after_av_textblock  el_before_av_one_half  '><h3 class='av-special-heading-tag '  itemprop=\"headline\"  >Torneo di Formula D\u00e8 2005 &#8211; 2006<\/h3><div class='special-heading-border'><div class='special-heading-inner-border'><\/div><\/div><\/div>\n\n<style type=\"text\/css\" data-created_by=\"avia_inline_auto\" id=\"style-css-av-av_one_half-9497bbf8bff73ea4c6992cc17fa9ec36\">\n.flex_column.av-av_one_half-9497bbf8bff73ea4c6992cc17fa9ec36{\nborder-radius:0px 0px 0px 0px;\n-webkit-border-radius:0px 0px 0px 0px;\n-moz-border-radius:0px 0px 0px 0px;\n}\n<\/style>\n<div class='flex_column av-av_one_half-9497bbf8bff73ea4c6992cc17fa9ec36 av_one_half  avia-builder-el-7  el_after_av_heading  el_before_av_one_half  first flex_column_div av-zero-column-padding '   ><section  class='av_textblock_section av-av_textblock-0366cc7376be6c9e82a3e9cc8987b64f '  itemscope=\"itemscope\" itemtype=\"https:\/\/schema.org\/CreativeWork\" ><div class='avia_textblock '  itemprop=\"text\" ><p style=\"text-align: justify;\" align=\"center\"><span class=\"style1\"><strong>Organizzatore:<\/strong> Giuliano &#8216;Puccio&#8217; Michelon<\/span><\/p>\n<p style=\"text-align: justify;\" align=\"left\">Regolamento<span class=\"Section_text\"> <strong><a href=\"http:\/\/www.overlord.it\/Archivio\/FormulaDe\/2006\/Season\/Regolam.%20F%20DE%27%20Circolo%20UISP%20OVERLORD%20v.2.pdf\"><span style=\"color: #3366ff;\">completo<\/span><\/a><\/strong>, versione 1.2 del 26\/12\/2005.<\/span><\/p>\n<p class=\"Section_text\" style=\"text-align: justify;\" align=\"left\">Per la gestione dei turni di qualifica \u00e8 possibile scaricare la <strong><span style=\"color: #3366ff;\"><a style=\"color: #3366ff;\" href=\"http:\/\/www.overlord.it\/Archivio\/FormulaDe\/2006\/Season\/REGISTRAZIONE%20TURNI%20DI%20QUALIFICA.pdf\">scheda di registrazione qualifiche<\/a><\/span><\/strong>.<\/p>\n<\/div><\/section><\/div>\n\n<style type=\"text\/css\" data-created_by=\"avia_inline_auto\" id=\"style-css-av-av_one_half-9c1d454dc06f7247226bc4e8f931daae\">\n.flex_column.av-av_one_half-9c1d454dc06f7247226bc4e8f931daae{\nborder-radius:0px 0px 0px 0px;\n-webkit-border-radius:0px 0px 0px 0px;\n-moz-border-radius:0px 0px 0px 0px;\n}\n<\/style>\n<div class='flex_column av-av_one_half-9c1d454dc06f7247226bc4e8f931daae av_one_half  avia-builder-el-9  el_after_av_one_half  el_before_av_textblock  flex_column_div av-zero-column-padding '   ><p><br \/>\n\n<style type=\"text\/css\" data-created_by=\"avia_inline_auto\" id=\"style-css-av-av_image-670cd1d97c646ff4abc0074d6e894d40\">\n.avia-image-container.av-av_image-670cd1d97c646ff4abc0074d6e894d40 .av-image-caption-overlay-center{\ncolor:#ffffff;\n}\n<\/style>\n<div  class='avia-image-container av-av_image-670cd1d97c646ff4abc0074d6e894d40 av-styling- avia-align-center  avia-builder-el-11  el_after_av_image  avia-builder-el-last  '  itemprop=\"image\" itemscope=\"itemscope\" itemtype=\"https:\/\/schema.org\/ImageObject\" ><div class=\"avia-image-container-inner\"><div class=\"avia-image-overlay-wrap\"><img class='wp-image-1471 avia-img-lazy-loading-not-1471 avia_image' src=\"https:\/\/www.overlord.it\/new\/wp-content\/uploads\/2016\/04\/images-1.jpg\" alt='' title='images'  height=\"194\" width=\"259\"  itemprop=\"thumbnailUrl\"  \/><\/div><\/div><\/div><\/p><\/div>\n<section  class='av_textblock_section av-av_textblock-0366cc7376be6c9e82a3e9cc8987b64f '  itemscope=\"itemscope\" itemtype=\"https:\/\/schema.org\/CreativeWork\" ><div class='avia_textblock '  itemprop=\"text\" ><p align=\"center\"><strong><span class=\"Section_title\">Cronaca delle gare<\/span><\/strong><\/p>\n<p align=\"left\"><span class=\"Section_text\">14\/10\/2005 &#8211;<\/span> <strong><span class=\"Section_text\"><span style=\"color: #3366ff;\"><a style=\"color: #3366ff;\" href=\"http:\/\/www.overlord.it\/Archivio\/FormulaDe\/2006\/Report\/Cronaca%201%C2%B0%20GP.pdf\">GP1 &#8211; SPA Francorchamps, Belgio <\/a><\/span><br \/>\n<\/span><\/strong><span class=\"Section_text\">25\/11\/2005 &#8211;<\/span><strong><span class=\"Section_text\"><span style=\"color: #3366ff;\"> <a style=\"color: #3366ff;\" href=\"http:\/\/www.overlord.it\/Archivio\/FormulaDe\/2006\/Report\/Cronaca%202%C2%B0%20GP.pdf\">GP2 &#8211; Melbourne, Australia<\/a><\/span><br \/>\n<\/span><\/strong><span class=\"Section_text\">0<\/span><span class=\"Section_text\">6\/12\/2005 &#8211;<\/span><strong><span class=\"Section_text\" style=\"color: #3366ff;\"> <a style=\"color: #3366ff;\" href=\"http:\/\/www.overlord.it\/Archivio\/FormulaDe\/2006\/Report\/Cronaca%203%C2%B0%20GP.pdf\">GP3 &#8211; Zandvoort, Olanda<\/a><\/span><span class=\"Section_text\"><a href=\"http:\/\/www.overlord.it\/Archivio\/FormulaDe\/2006\/Report\/Cronaca%204%C2%B0%20GP.pdf\"><br \/>\n<\/a><\/span><\/strong><span class=\"Section_text\">20\/01\/2006 &#8211;<\/span><strong><span class=\"Section_text\"><span style=\"color: #3366ff;\"> <a style=\"color: #3366ff;\" href=\"http:\/\/www.overlord.it\/Archivio\/FormulaDe\/2006\/Report\/Cronaca%204%C2%B0%20GP.pdf\">GP4 &#8211; Montecarlo, Principato di Monaco <\/a><\/span><br \/>\n<\/span><\/strong><span class=\"Section_text\">17\/02\/2006 &#8211;<\/span><strong><span class=\"Section_text\"><span style=\"color: #3366ff;\"> <a style=\"color: #3366ff;\" href=\"http:\/\/www.overlord.it\/Archivio\/FormulaDe\/2006\/Report\/Cronaca%205%C2%B0%20GP.pdf\">GP5 &#8211; Nurburgring, Germania <\/a><\/span><br \/>\n<\/span><\/strong><span class=\"Section_text\">10\/03\/2006 &#8211;<\/span><strong><span class=\"Section_text\"><span style=\"color: #3366ff;\"> <a style=\"color: #3366ff;\" href=\"http:\/\/www.overlord.it\/Archivio\/FormulaDe\/2006\/Report\/Cronaca%206%C2%B0%20GP.pdf\">GP6 &#8211; Suzuka, Giappone<\/a><\/span><br \/>\n<\/span><\/strong><span class=\"Section_text\">07\/04\/2006 &#8211;<\/span><strong><span class=\"Section_text\"><span style=\"color: #3366ff;\"> <a style=\"color: #3366ff;\" href=\"http:\/\/www.overlord.it\/Archivio\/FormulaDe\/2006\/Report\/Cronaca%207%C2%B0%20GP.pdf\">GP7 &#8211; Budapest, Ungheria<\/a><\/span><br \/>\n<\/span><\/strong><span class=\"Section_text\">28\/04\/2006 &#8211;<\/span><span style=\"color: #3366ff;\"><strong><span class=\"Section_text\"> <a style=\"color: #3366ff;\" href=\"http:\/\/www.overlord.it\/Archivio\/FormulaDe\/2006\/Report\/Cronaca%208%C2%B0%20GP.pdf\">GP8 &#8211; Zandvoort 2, Europa<\/a> <\/span><\/strong><\/span><\/p>\n<p style=\"text-align: center;\"><span class=\"Section_text\"><strong>Classifica piloti<\/strong><\/span><\/p>\n<table border=\"1\" width=\"200\" cellspacing=\"0\" cellpadding=\"5\">\n<tbody>\n<tr>\n<th><span class=\"style1\">Pilota<\/span><\/th>\n<th><span class=\"style1\">Punti<\/span><\/th>\n<\/tr>\n<tr>\n<td><span class=\"style1\">Franz Gheno <\/span><\/td>\n<td>\n<div class=\"style1\" align=\"center\">36<\/div>\n<\/td>\n<\/tr>\n<tr>\n<td><span class=\"style1\">Enrico<\/span><\/td>\n<td>\n<div class=\"style1\" align=\"center\">35<\/div>\n<\/td>\n<\/tr>\n<tr>\n<td><span class=\"style1\">Franz Basso <\/span><\/td>\n<td>\n<div class=\"style1\" align=\"center\">35<\/div>\n<\/td>\n<\/tr>\n<tr>\n<td><span class=\"style1\">Puccio<\/span><\/td>\n<td>\n<div class=\"style1\" align=\"center\">24<\/div>\n<\/td>\n<\/tr>\n<tr>\n<td><span class=\"style1\">Luca Callaghan<\/span><\/td>\n<td>\n<div class=\"style1\" align=\"center\">21<\/div>\n<\/td>\n<\/tr>\n<tr>\n<td><span class=\"style1\">Pippo<\/span><\/td>\n<td>\n<div class=\"style1\" align=\"center\">15<\/div>\n<\/td>\n<\/tr>\n<tr>\n<td><span class=\"style1\">Sgracchio<\/span><\/td>\n<td>\n<div class=\"style1\" align=\"center\">13<\/div>\n<\/td>\n<\/tr>\n<tr>\n<td><span class=\"style1\">Beef<\/span><\/td>\n<td>\n<div class=\"style1\" align=\"center\">11<\/div>\n<\/td>\n<\/tr>\n<tr>\n<td><span class=\"style1\">Guido<\/span><\/td>\n<td>\n<div class=\"style1\" align=\"center\">8<\/div>\n<\/td>\n<\/tr>\n<tr>\n<td><span class=\"style1\">Rampa<\/span><\/td>\n<td>\n<div class=\"style1\" align=\"center\">6<\/div>\n<\/td>\n<\/tr>\n<tr class=\"style1\">\n<td>Dario<\/td>\n<td>\n<div align=\"center\">4<\/div>\n<\/td>\n<\/tr>\n<\/tbody>\n<\/table>\n<p align=\"center\"><span class=\"Section_text\"><strong>Classifica costruttori<\/strong><\/span><\/p>\n<table border=\"1\" width=\"278\" cellspacing=\"0\" cellpadding=\"5\">\n<tbody>\n<tr>\n<th width=\"212\"><span class=\"style1\">Team<\/span><\/th>\n<th width=\"40\"><span class=\"style1\">Punti<\/span><\/th>\n<\/tr>\n<tr>\n<td><span class=\"style1\">Team Franzen<br \/>\n(Franz Gheno, Franz Basso)<\/span><\/td>\n<td>\n<div class=\"style1\" align=\"center\">71<\/div>\n<\/td>\n<\/tr>\n<tr>\n<td><span class=\"style1\">Viking<br \/>\n(Enrico, Pippo)<\/span><\/td>\n<td>\n<div class=\"style1\" align=\"center\">50<\/div>\n<\/td>\n<\/tr>\n<tr>\n<td><span class=\"style1\">Evil Team<br \/>\n(Puccio, Sgracchio)<\/span><\/td>\n<td>\n<div class=\"style1\" align=\"center\">37<\/div>\n<\/td>\n<\/tr>\n<tr>\n<td><span class=\"style1\">Spinsicherivo<br \/>\n(Rampa, Luca Callaghan)<\/span><\/td>\n<td>\n<div class=\"style1\" align=\"center\">27<\/div>\n<\/td>\n<\/tr>\n<tr>\n<td><span class=\"style1\">Olio di colza<br \/>\n(Guido, Beef)<\/span><\/td>\n<td>\n<div class=\"style1\" align=\"center\">23<\/div>\n<\/td>\n<\/tr>\n<\/tbody>\n<\/table>\n<p style=\"text-align: center;\"><strong>Punteggio Piloti<\/strong><\/p>\n<table border=\"1\" width=\"377\" cellspacing=\"0\" cellpadding=\"5\">\n<tbody>\n<tr>\n<td nowrap=\"nowrap\"><\/td>\n<td width=\"32\">\n<p class=\"style1\"><strong>GP1<\/strong><\/p>\n<\/td>\n<td width=\"32\"><span class=\"style3\">GP2<\/span><\/td>\n<td width=\"32\"><span class=\"style3\">GP3<\/span><\/td>\n<td width=\"32\"><span class=\"style3\">GP4<\/span><\/td>\n<td width=\"32\"><span class=\"style3\">GP5<\/span><\/td>\n<td width=\"32\"><span class=\"style3\">GP6<\/span><\/td>\n<td width=\"32\"><span class=\"style3\">GP7<\/span><\/td>\n<td width=\"32\"><span class=\"style3\">GP8<\/span><\/td>\n<\/tr>\n<tr>\n<td nowrap=\"nowrap\"><span class=\"style3\">Franz Gheno <\/span><\/td>\n<td>\n<div class=\"style1\" align=\"center\">10<\/div>\n<\/td>\n<td>\n<div class=\"style1\" align=\"center\">6<\/div>\n<\/td>\n<td>\n<div class=\"style1\" align=\"center\">1<\/div>\n<\/td>\n<td>\n<div class=\"style1\" align=\"center\">2<\/div>\n<\/td>\n<td>\n<div class=\"style1\" align=\"center\">1<\/div>\n<\/td>\n<td>\n<div class=\"style1\" align=\"center\">4<\/div>\n<\/td>\n<td>\n<div class=\"style1\" align=\"center\">10<\/div>\n<\/td>\n<td>\n<div class=\"style1\" align=\"center\">2<\/div>\n<\/td>\n<\/tr>\n<tr>\n<td nowrap=\"nowrap\"><span class=\"style3\">Franz Basso <\/span><\/td>\n<td>\n<div class=\"style1\" align=\"center\">1<\/div>\n<\/td>\n<td>\n<div class=\"style1\" align=\"center\">10<\/div>\n<\/td>\n<td>\n<div class=\"style1\" align=\"center\">&#8211;<\/div>\n<\/td>\n<td>\n<div class=\"style1\" align=\"center\">4<\/div>\n<\/td>\n<td>\n<div class=\"style1\" align=\"center\">&#8211;<\/div>\n<\/td>\n<td>\n<div class=\"style1\" align=\"center\">10<\/div>\n<\/td>\n<td>\n<div class=\"style1\" align=\"center\">&#8211;<\/div>\n<\/td>\n<td>\n<div class=\"style1\" align=\"center\">10<\/div>\n<\/td>\n<\/tr>\n<tr>\n<td nowrap=\"nowrap\"><span class=\"style3\">Enrico<\/span><\/td>\n<td>\n<div class=\"style1\" align=\"center\">&#8211;<\/div>\n<\/td>\n<td>\n<div class=\"style1\" align=\"center\">1<\/div>\n<\/td>\n<td>\n<div class=\"style1\" align=\"center\">10<\/div>\n<\/td>\n<td>\n<div class=\"style1\" align=\"center\">6<\/div>\n<\/td>\n<td>\n<div class=\"style1\" align=\"center\">10<\/div>\n<\/td>\n<td>\n<div class=\"style1\" align=\"center\">2<\/div>\n<\/td>\n<td>\n<div class=\"style1\" align=\"center\">6<\/div>\n<\/td>\n<td>\n<div class=\"style1\" align=\"center\">&#8211;<\/div>\n<\/td>\n<\/tr>\n<tr>\n<td nowrap=\"nowrap\"><span class=\"style3\">Puccio<\/span><\/td>\n<td>\n<div class=\"style1\" align=\"center\">3<\/div>\n<\/td>\n<td>\n<div class=\"style1\" align=\"center\">&#8211;<\/div>\n<\/td>\n<td>\n<div class=\"style1\" align=\"center\">4<\/div>\n<\/td>\n<td>\n<div class=\"style1\" align=\"center\">10<\/div>\n<\/td>\n<td>\n<div class=\"style1\" align=\"center\">3<\/div>\n<\/td>\n<td>\n<div class=\"style1\" align=\"center\">3<\/div>\n<\/td>\n<td>\n<div class=\"style1\" align=\"center\">1<\/div>\n<\/td>\n<td>\n<div class=\"style1\" align=\"center\">&#8211;<\/div>\n<\/td>\n<\/tr>\n<tr>\n<td nowrap=\"nowrap\"><span class=\"style3\">Luca Callaghan <\/span><\/td>\n<td>\n<div class=\"style1\" align=\"center\">6<\/div>\n<\/td>\n<td>\n<div class=\"style1\" align=\"center\">&#8211;<\/div>\n<\/td>\n<td>\n<div class=\"style1\" align=\"center\">3<\/div>\n<\/td>\n<td>\n<div class=\"style1\" align=\"center\">3<\/div>\n<\/td>\n<td>\n<div class=\"style1\" align=\"center\">6<\/div>\n<\/td>\n<td>\n<div class=\"style1\" align=\"center\">&#8211;<\/div>\n<\/td>\n<td>\n<div class=\"style1\" align=\"center\">3<\/div>\n<\/td>\n<td>\n<div class=\"style1\" align=\"center\">&#8211;<\/div>\n<\/td>\n<\/tr>\n<tr>\n<td nowrap=\"nowrap\"><span class=\"style3\">Pippo<\/span><\/td>\n<td>\n<div class=\"style1\" align=\"center\">&#8211;<\/div>\n<\/td>\n<td>\n<div class=\"style1\" align=\"center\">2<\/div>\n<\/td>\n<td>\n<div class=\"style1\" align=\"center\">6<\/div>\n<\/td>\n<td>\n<div class=\"style1\" align=\"center\">&#8211;<\/div>\n<\/td>\n<td>\n<div class=\"style1\" align=\"center\">4<\/div>\n<\/td>\n<td>\n<div class=\"style1\" align=\"center\">&#8211;<\/div>\n<\/td>\n<td>\n<div class=\"style1\" align=\"center\">2<\/div>\n<\/td>\n<td>\n<div class=\"style1\" align=\"center\">1<\/div>\n<\/td>\n<\/tr>\n<tr>\n<td nowrap=\"nowrap\"><span class=\"style3\">Sgracchio<\/span><\/td>\n<td>\n<div class=\"style1\" align=\"center\">4<\/div>\n<\/td>\n<td>\n<div class=\"style1\" align=\"center\">&#8211;<\/div>\n<\/td>\n<td>\n<div class=\"style1\" align=\"center\">&#8211;<\/div>\n<\/td>\n<td>\n<div class=\"style1\" align=\"center\">1<\/div>\n<\/td>\n<td>\n<div class=\"style1\" align=\"center\">2<\/div>\n<\/td>\n<td>\n<div class=\"style1\" align=\"center\">6<\/div>\n<\/td>\n<td>\n<div class=\"style1\" align=\"center\">&#8211;<\/div>\n<\/td>\n<td>\n<div class=\"style1\" align=\"center\">&#8211;<\/div>\n<\/td>\n<\/tr>\n<tr>\n<td nowrap=\"nowrap\"><span class=\"style3\">Beef<\/span><\/td>\n<td>\n<div class=\"style1\" align=\"center\">&#8211;<\/div>\n<\/td>\n<td>\n<div class=\"style1\" align=\"center\">3<\/div>\n<\/td>\n<td>\n<div class=\"style1\" align=\"center\">&#8211;<\/div>\n<\/td>\n<td>\n<div class=\"style1\" align=\"center\">&#8211;<\/div>\n<\/td>\n<td>\n<div class=\"style1\" align=\"center\">&#8211;<\/div>\n<\/td>\n<td>\n<div class=\"style1\" align=\"center\">1<\/div>\n<\/td>\n<td>\n<div class=\"style1\" align=\"center\">4<\/div>\n<\/td>\n<td>\n<div class=\"style1\" align=\"center\">3<\/div>\n<\/td>\n<\/tr>\n<tr>\n<td nowrap=\"nowrap\"><span class=\"style3\">Guido<\/span><\/td>\n<td>\n<div class=\"style1\" align=\"center\">2<\/div>\n<\/td>\n<td>\n<div class=\"style1\" align=\"center\">4<\/div>\n<\/td>\n<td>\n<div class=\"style1\" align=\"center\">2<\/div>\n<\/td>\n<td>\n<div class=\"style1\" align=\"center\">&#8211;<\/div>\n<\/td>\n<td>\n<div class=\"style1\" align=\"center\">&#8211;<\/div>\n<\/td>\n<td>\n<div class=\"style1\" align=\"center\">&#8211;<\/div>\n<\/td>\n<td>\n<div class=\"style1\" align=\"center\">&#8211;<\/div>\n<\/td>\n<td>\n<div class=\"style1\" align=\"center\">&#8211;<\/div>\n<\/td>\n<\/tr>\n<tr>\n<td nowrap=\"nowrap\"><span class=\"style3\">Rampa<\/span><\/td>\n<td>\n<div class=\"style1\" align=\"center\">&#8211;<\/div>\n<\/td>\n<td>\n<div class=\"style1\" align=\"center\">&#8211;<\/div>\n<\/td>\n<td>\n<div class=\"style1\" align=\"center\">&#8211;<\/div>\n<\/td>\n<td>\n<div class=\"style1\" align=\"center\">&#8211;<\/div>\n<\/td>\n<td>\n<div class=\"style1\" align=\"center\">&#8211;<\/div>\n<\/td>\n<td>\n<div class=\"style1\" align=\"center\">&#8211;<\/div>\n<\/td>\n<td>\n<div class=\"style1\" align=\"center\">&#8211;<\/div>\n<\/td>\n<td>\n<div class=\"style1\" align=\"center\">6<\/div>\n<\/td>\n<\/tr>\n<tr>\n<td nowrap=\"nowrap\"><span class=\"style3\">Dario<\/span><\/td>\n<td class=\"style1\">\n<div align=\"center\">&#8211;<\/div>\n<\/td>\n<td class=\"style1\">\n<div align=\"center\">&#8211;<\/div>\n<\/td>\n<td class=\"style1\">\n<div align=\"center\">&#8211;<\/div>\n<\/td>\n<td class=\"style1\">\n<div align=\"center\">&#8211;<\/div>\n<\/td>\n<td class=\"style1\">\n<div align=\"center\">&#8211;<\/div>\n<\/td>\n<td class=\"style1\">\n<div align=\"center\">&#8211;<\/div>\n<\/td>\n<td class=\"style1\">\n<div align=\"center\">&#8211;<\/div>\n<\/td>\n<td class=\"style1\">\n<div align=\"center\">4<\/div>\n<\/td>\n<\/tr>\n<\/tbody>\n<\/table>\n<\/div><\/section>\n","protected":false},"excerpt":{"rendered":"","protected":false},"author":23,"featured_media":0,"parent":0,"menu_order":0,"comment_status":"closed","ping_status":"closed","template":"","meta":{"ngg_post_thumbnail":0},"_links":{"self":[{"href":"https:\/\/www.overlord.it\/new\/wp-json\/wp\/v2\/pages\/1242"}],"collection":[{"href":"https:\/\/www.overlord.it\/new\/wp-json\/wp\/v2\/pages"}],"about":[{"href":"https:\/\/www.overlord.it\/new\/wp-json\/wp\/v2\/types\/page"}],"author":[{"embeddable":true,"href":"https:\/\/www.overlord.it\/new\/wp-json\/wp\/v2\/users\/23"}],"replies":[{"embeddable":true,"href":"https:\/\/www.overlord.it\/new\/wp-json\/wp\/v2\/comments?post=1242"}],"version-history":[{"count":16,"href":"https:\/\/www.overlord.it\/new\/wp-json\/wp\/v2\/pages\/1242\/revisions"}],"predecessor-version":[{"id":1476,"href":"https:\/\/www.overlord.it\/new\/wp-json\/wp\/v2\/pages\/1242\/revisions\/1476"}],"wp:attachment":[{"href":"https:\/\/www.overlord.it\/new\/wp-json\/wp\/v2\/media?parent=1242"}],"curies":[{"name":"wp","href":"https:\/\/api.w.org\/{rel}","templated":true}]}}