{"id":1770,"date":"2016-04-27T20:49:34","date_gmt":"2016-04-27T18:49:34","guid":{"rendered":"http:\/\/www.overlord.it\/new\/?page_id=1770"},"modified":"2016-05-04T14:13:55","modified_gmt":"2016-05-04T12:13:55","slug":"a","status":"publish","type":"page","link":"https:\/\/www.overlord.it\/new\/a\/","title":{"rendered":"Verso la Guerra"},"content":{"rendered":"\n<style type=\"text\/css\" data-created_by=\"avia_inline_auto\" id=\"style-css-av-av_heading-fa4413c42b3d25325dc77d9cd4ff1f99\">\n#top .av-special-heading.av-av_heading-fa4413c42b3d25325dc77d9cd4ff1f99{\npadding-bottom:10px;\ncolor:#f9343b;\n}\n.av-special-heading.av-av_heading-fa4413c42b3d25325dc77d9cd4ff1f99 .special-heading-inner-border{\nborder-color:#f9343b;\n}\n<\/style>\n<div  class='av-special-heading av-av_heading-fa4413c42b3d25325dc77d9cd4ff1f99 av-special-heading-h3 custom-color-heading  avia-builder-el-0  el_before_av_textblock  avia-builder-el-first  '><h3 class='av-special-heading-tag '  itemprop=\"headline\"  >PADOVA IN FLAMES 2008<\/h3><div class='special-heading-border'><div class='special-heading-inner-border'><\/div><\/div><\/div>\n<section  class='av_textblock_section av-av_textblock-0366cc7376be6c9e82a3e9cc8987b64f '  itemscope=\"itemscope\" itemtype=\"https:\/\/schema.org\/CreativeWork\" ><div class='avia_textblock '  itemprop=\"text\" ><p class=\"style1\" align=\"center\"><strong><span class=\"style2\">Ovverosia la pi\u00f9 lunga partita giocata (finora) al Circolo!<\/span><br \/>\n<\/strong><\/p>\n<p class=\"style1\" align=\"center\">di<strong> Franz Basso<\/strong><\/p>\n<p class=\"style1\" style=\"text-align: center;\" align=\"justify\"><em>Questo \u00e8 un resoconto di parte, non obiettivo e rispecchia solo le opinioni personali dell\u2019autore.<\/em><\/p>\n<p class=\"style1\" style=\"text-align: center;\" align=\"justify\"><strong><span style=\"color: #3366ff;\"><a style=\"color: #3366ff;\" href=\"http:\/\/www.overlord.it\/Archivio\/WorldInFlames\/Files\/Padova%20in%20Flames.pdf\">Padova in Flames<\/a><\/span><\/strong> versione in PDF<\/p>\n<\/div><\/section>\n<div  class='hr av-av_hr-dcd2069817a0e3d34ae04cad8f3443c7 hr-default  avia-builder-el-2  el_after_av_textblock  el_before_av_textblock  '><span class='hr-inner '><span class=\"hr-inner-style\"><\/span><\/span><\/div>\n<section  class='av_textblock_section av-av_textblock-0366cc7376be6c9e82a3e9cc8987b64f '  itemscope=\"itemscope\" itemtype=\"https:\/\/schema.org\/CreativeWork\" ><div class='avia_textblock '  itemprop=\"text\" ><p style=\"text-align: center;\" align=\"center\"><strong><span style=\"color: #3366ff;\"><a style=\"color: #3366ff;\" href=\"http:\/\/www.overlord.it\/new\/index.php\/a\/%20%E2%80%8E\">Verso la Guerra<\/a><\/span><\/strong> &#8211;<strong><span style=\"color: #3366ff;\"> <a style=\"color: #3366ff;\" href=\"http:\/\/www.overlord.it\/new\/index.php\/b\/\">&#8217;39 \/ &#8217;42<\/a><\/span><\/strong> &#8211; <strong><span style=\"color: #3366ff;\"><a style=\"color: #3366ff;\" href=\"http:\/\/www.overlord.it\/new\/index.php\/c\/%20%E2%80%8E\">&#8217;43 \/ &#8217;45<\/a><\/span><\/strong> &#8211; <strong><span style=\"color: #3366ff;\"><a style=\"color: #3366ff;\" href=\"http:\/\/www.overlord.it\/new\/index.php\/d\/\">Dopo Guerra<\/a><\/span><\/strong><\/p>\n<\/div><\/section>\n\n<style type=\"text\/css\" data-created_by=\"avia_inline_auto\" id=\"style-css-av-av_heading-7295424170c4b6392a7076f00b7cb76d\">\n#top .av-special-heading.av-av_heading-7295424170c4b6392a7076f00b7cb76d{\npadding-bottom:10px;\ncolor:#f9343b;\n}\n.av-special-heading.av-av_heading-7295424170c4b6392a7076f00b7cb76d .special-heading-inner-border{\nborder-color:#f9343b;\n}\n<\/style>\n<div  class='av-special-heading av-av_heading-7295424170c4b6392a7076f00b7cb76d av-special-heading-h3 custom-color-heading  avia-builder-el-4  el_after_av_textblock  el_before_av_textblock  '><h3 class='av-special-heading-tag '  itemprop=\"headline\"  >Verso la Guerra<\/h3><div class='special-heading-border'><div class='special-heading-inner-border'><\/div><\/div><\/div>\n<section  class='av_textblock_section av-av_textblock-0366cc7376be6c9e82a3e9cc8987b64f '  itemscope=\"itemscope\" itemtype=\"https:\/\/schema.org\/CreativeWork\" ><div class='avia_textblock '  itemprop=\"text\" ><p style=\"text-align: justify;\">Decidiamo di provare una campagna di World in Flames verso la fine del dicembre 2007, mentre stiamo terminando una partita a Seven Ages. Siamo solo in tre e quindi, giocoforza, piazzeremo lo scenario \u201cFascist Tide\u201d che simula la sola guerra in Europa ed Africa: <strong>Sebastiano \u201cvon Lettow\u201d Sitran<\/strong> terr\u00e0 <strong>Germania<\/strong> e Italia e giocher\u00e0 contro <strong>Andrea \u201csgt.Pavlov\u201d Pavan<\/strong> che terr\u00e0 <strong>Francia e URSS<\/strong> e il <strong>Francesco &#8220;Franz&#8221; Basso<\/strong> che terr\u00e0 <strong>USA e Commonwealth<\/strong>. La scelta di non giocare l\u2019intera guerra \u00e8 dettato anche dalla mancanza di spazio al Circolo nell\u2019<strong>armadio delle mappe<\/strong> che, come noto, ha soltanto cinque ripiani: noi ne occuperemo tre con il nostro scenario e ci sarebbero serviti anche gli altri due per piazzare le mappe del Pacifico. Non potremmo certamente occupare l\u2019intero armadio con un unico gioco che si prospetta assai lungo (alla fine durer\u00e0 quasi un anno, con 30 sessioni di gioco per un totale di pi\u00f9 di 120 ore).<br \/>\nChi conosce World in Flames sa bene che, oltre a scegliere quale scenario giocare, bisogna anche accordarsi su quale regolamento utilizzare. E gi\u00e0, perch\u00e9 sebbene il gioco ormai si fregi della boriosa dicitura \u201cFinal Edition\u201d, il regolamento \u00e8 gi\u00e0 arrivato alla versione 7.0, e sono usciti una dozzina di supplementi, espansioni, annual con pedine, etc. Visto che useremo la mia copia del gioco, e visto che non ho pi\u00f9 aggiornato la \u201cFinal (!?!) Edition\u201d dopo il 2000, <strong>giocheremo solo con le regole uscite nello scorso millennio<\/strong> (!), con la sola aggiunta, tanto per provarli, dei leaders del supplemento \u201c<strong>Leaders in Flames<\/strong>\u201d. Ci accordiamo inoltre su quali regole opzionali utilizzare, scegliendo di giocare con la maggior parte di esse.<\/p>\n<\/div><\/section>\n\n<style type=\"text\/css\" data-created_by=\"avia_inline_auto\" id=\"style-css-av-av_heading-0d3572ece81f43defc95961115166173\">\n#top .av-special-heading.av-av_heading-0d3572ece81f43defc95961115166173{\npadding-bottom:10px;\ncolor:#f9343b;\n}\n.av-special-heading.av-av_heading-0d3572ece81f43defc95961115166173 .special-heading-inner-border{\nborder-color:#f9343b;\n}\n<\/style>\n<div  class='av-special-heading av-av_heading-0d3572ece81f43defc95961115166173 av-special-heading-h3 custom-color-heading  avia-builder-el-6  el_after_av_textblock  el_before_av_one_half  '><h3 class='av-special-heading-tag '  itemprop=\"headline\"  >Il Piano degli Alleati<\/h3><div class='special-heading-border'><div class='special-heading-inner-border'><\/div><\/div><\/div>\n\n<style type=\"text\/css\" data-created_by=\"avia_inline_auto\" id=\"style-css-av-av_one_half-9497bbf8bff73ea4c6992cc17fa9ec36\">\n.flex_column.av-av_one_half-9497bbf8bff73ea4c6992cc17fa9ec36{\nborder-radius:0px 0px 0px 0px;\n-webkit-border-radius:0px 0px 0px 0px;\n-moz-border-radius:0px 0px 0px 0px;\n}\n<\/style>\n<div class='flex_column av-av_one_half-9497bbf8bff73ea4c6992cc17fa9ec36 av_one_half  avia-builder-el-7  el_after_av_heading  el_before_av_one_half  first flex_column_div av-zero-column-padding '   ><section  class='av_textblock_section av-av_textblock-0366cc7376be6c9e82a3e9cc8987b64f '  itemscope=\"itemscope\" itemtype=\"https:\/\/schema.org\/CreativeWork\" ><div class='avia_textblock '  itemprop=\"text\" ><p style=\"text-align: justify;\"><span class=\"style1\">Una volta caduta la Francia, la strategia degli Alleati dipender\u00e0 dalle scelte della Germania; se questa, come probabile, punter\u00e0 decisamente contro la Russia, scopo degli Alleati sar\u00e0 quello di realizzare questi quattro obiettivi: a) far entrare in guerra gli <strong>Stati Uniti<\/strong> il prima possibile, entro la fine del 1941, adottando una scelta<br \/>\n<\/span><\/p>\n<\/div><\/section><\/div>\n<style type=\"text\/css\" data-created_by=\"avia_inline_auto\" id=\"style-css-av-av_one_half-9c1d454dc06f7247226bc4e8f931daae\">\n.flex_column.av-av_one_half-9c1d454dc06f7247226bc4e8f931daae{\nborder-radius:0px 0px 0px 0px;\n-webkit-border-radius:0px 0px 0px 0px;\n-moz-border-radius:0px 0px 0px 0px;\n}\n<\/style>\n<div class='flex_column av-av_one_half-9c1d454dc06f7247226bc4e8f931daae av_one_half  avia-builder-el-9  el_after_av_one_half  el_before_av_textblock  flex_column_div av-zero-column-padding '   ><section  class='av_textblock_section av-av_textblock-0366cc7376be6c9e82a3e9cc8987b64f '  itemscope=\"itemscope\" itemtype=\"https:\/\/schema.org\/CreativeWork\" ><div class='avia_textblock '  itemprop=\"text\" ><p><a href=\"http:\/\/www.overlord.it\/new\/wp-content\/uploads\/2016\/04\/a_maggio1941.jpg\"><img loading=\"lazy\" class=\"alignnone size-medium wp-image-1777\" src=\"http:\/\/www.overlord.it\/new\/wp-content\/uploads\/2016\/04\/a_maggio1941-300x225.jpg\" alt=\"a_maggio1941\" width=\"300\" height=\"225\" srcset=\"https:\/\/www.overlord.it\/new\/wp-content\/uploads\/2016\/04\/a_maggio1941-300x225.jpg 300w, https:\/\/www.overlord.it\/new\/wp-content\/uploads\/2016\/04\/a_maggio1941-768x576.jpg 768w, https:\/\/www.overlord.it\/new\/wp-content\/uploads\/2016\/04\/a_maggio1941-705x528.jpg 705w, https:\/\/www.overlord.it\/new\/wp-content\/uploads\/2016\/04\/a_maggio1941-450x337.jpg 450w, https:\/\/www.overlord.it\/new\/wp-content\/uploads\/2016\/04\/a_maggio1941.jpg 950w\" sizes=\"(max-width: 300px) 100vw, 300px\" \/><\/a><\/p>\n<\/div><\/section><\/div><\/p>\n<section  class='av_textblock_section av-av_textblock-0366cc7376be6c9e82a3e9cc8987b64f '  itemscope=\"itemscope\" itemtype=\"https:\/\/schema.org\/CreativeWork\" ><div class='avia_textblock '  itemprop=\"text\" ><p style=\"text-align: justify;\"><span class=\"style1\">di opzioni USA e di richieste URSS oltremodo \u201cbuoniste\u201d; b) scaglionare il profondit\u00e0 le <strong>difese dell\u2019Armata Rossa<\/strong>, rifiutando sin da subito l\u2019aleatorio gioco del \u201cpact garrison\u201d (tralasciando quindi il tentativo di impedire la rottura del trattato Riebentropp-Molotov schierando le truppe vicino al confine, errore storicamente costato caro ai russi); c) tenere sin da subito un <strong>atteggiamento aggressivo nei confronti dell&#8217;Italia<\/strong>, per impedire di rafforzarsi e nella speranza di farla cadere entro la fine del 1942 (anche per togliere flessibilit\u00e0 alle operazioni della Germania); d) una volta cominciata l\u2019Operazione Barbarossa, <strong>fornire ogni aiuto possibile all\u2019URSS<\/strong>, sotto forma di risorse, punti di produzione, unit\u00e0 di guarnigione. Come si vedr\u00e0, dopo un inizio veramente disastroso, il Piano funzioner\u00e0 pi\u00f9 o meno come previsto, con solo qualche aggiustamento.<\/span><\/p>\n<\/div><\/section>\n\n<style type=\"text\/css\" data-created_by=\"avia_inline_auto\" id=\"style-css-av-av_heading-b3c96016b91ad6def2f607a7e3ae5dc0\">\n#top .av-special-heading.av-av_heading-b3c96016b91ad6def2f607a7e3ae5dc0{\npadding-bottom:10px;\ncolor:#f9343b;\n}\n.av-special-heading.av-av_heading-b3c96016b91ad6def2f607a7e3ae5dc0 .special-heading-inner-border{\nborder-color:#f9343b;\n}\n<\/style>\n<div  class='av-special-heading av-av_heading-b3c96016b91ad6def2f607a7e3ae5dc0 av-special-heading-h3 custom-color-heading  avia-builder-el-12  el_after_av_textblock  el_before_av_textblock  '><h3 class='av-special-heading-tag '  itemprop=\"headline\"  >Piazzamento Iniziale<\/h3><div class='special-heading-border'><div class='special-heading-inner-border'><\/div><\/div><\/div>\n<section  class='av_textblock_section av-av_textblock-0366cc7376be6c9e82a3e9cc8987b64f '  itemscope=\"itemscope\" itemtype=\"https:\/\/schema.org\/CreativeWork\" ><div class='avia_textblock '  itemprop=\"text\" ><p style=\"text-align: justify;\"><span class=\"style1\">Le forze armate di tutte le nazioni vengono piazzate in modo piu\u2019 o meno standard, anche se la conoscenza di quel che \u00e8 accaduto sessant\u2019anni fa fornisce una sorta di preveggenza ai giocatori, che modificano un po\u2019 gli schieramenti: cos\u00ec il Commonwealth presidia per bene Gibilterra e Malta, e tiene le navi da trasporto pronte per portare il BEF sul continente, la Francia conserva un\u2019armata di manovra ai confini con il Belgio ma non lascia sguarnito il punto di giunzione con la linea Maginot\u2026 <strong>la Germania \u00e8 l\u2019unica che si discosta radicalmente dal piazzamento \u201cstorico\u201d, e concentra i suoi corpi d\u2019armata d\u2019elite ai confini con il Belgio<\/strong>, lasciando meno di un terzo del suo esercito ad occuparsi della Polonia.<\/span><\/p>\n<\/div><\/section>\n<div  class='hr av-av_hr-dcd2069817a0e3d34ae04cad8f3443c7 hr-default  avia-builder-el-14  el_after_av_textblock  el_before_av_textblock  '><span class='hr-inner '><span class=\"hr-inner-style\"><\/span><\/span><\/div>\n<section  class='av_textblock_section av-av_textblock-0366cc7376be6c9e82a3e9cc8987b64f '  itemscope=\"itemscope\" itemtype=\"https:\/\/schema.org\/CreativeWork\" ><div class='avia_textblock '  itemprop=\"text\" ><p style=\"text-align: center;\" align=\"center\"><strong><span style=\"color: #3366ff;\"><a style=\"color: #3366ff;\" href=\"http:\/\/www.overlord.it\/new\/index.php\/a\/%20%E2%80%8E\">Verso la Guerra<\/a><\/span><\/strong> &#8211;<strong><span style=\"color: #3366ff;\"> <a style=\"color: #3366ff;\" href=\"http:\/\/www.overlord.it\/new\/index.php\/b\/\">&#8217;39 \/ &#8217;42<\/a><\/span><\/strong> &#8211; <strong><span style=\"color: #3366ff;\"><a style=\"color: #3366ff;\" href=\"http:\/\/www.overlord.it\/new\/index.php\/c\/%20%E2%80%8E\">&#8217;43 \/ &#8217;45<\/a><\/span><\/strong> &#8211; <strong><span style=\"color: #3366ff;\"><a style=\"color: #3366ff;\" href=\"http:\/\/www.overlord.it\/new\/index.php\/d\/\">Dopo Guerra<\/a><\/span><\/strong><\/p>\n<\/div><\/section>\n","protected":false},"excerpt":{"rendered":"","protected":false},"author":23,"featured_media":0,"parent":0,"menu_order":0,"comment_status":"closed","ping_status":"closed","template":"","meta":{"ngg_post_thumbnail":0},"_links":{"self":[{"href":"https:\/\/www.overlord.it\/new\/wp-json\/wp\/v2\/pages\/1770"}],"collection":[{"href":"https:\/\/www.overlord.it\/new\/wp-json\/wp\/v2\/pages"}],"about":[{"href":"https:\/\/www.overlord.it\/new\/wp-json\/wp\/v2\/types\/page"}],"author":[{"embeddable":true,"href":"https:\/\/www.overlord.it\/new\/wp-json\/wp\/v2\/users\/23"}],"replies":[{"embeddable":true,"href":"https:\/\/www.overlord.it\/new\/wp-json\/wp\/v2\/comments?post=1770"}],"version-history":[{"count":20,"href":"https:\/\/www.overlord.it\/new\/wp-json\/wp\/v2\/pages\/1770\/revisions"}],"predecessor-version":[{"id":2060,"href":"https:\/\/www.overlord.it\/new\/wp-json\/wp\/v2\/pages\/1770\/revisions\/2060"}],"wp:attachment":[{"href":"https:\/\/www.overlord.it\/new\/wp-json\/wp\/v2\/media?parent=1770"}],"curies":[{"name":"wp","href":"https:\/\/api.w.org\/{rel}","templated":true}]}}