{"id":1786,"date":"2016-04-28T02:17:47","date_gmt":"2016-04-28T00:17:47","guid":{"rendered":"http:\/\/www.overlord.it\/new\/?page_id=1786"},"modified":"2016-04-28T13:57:13","modified_gmt":"2016-04-28T11:57:13","slug":"twilight-struggle","status":"publish","type":"page","link":"https:\/\/www.overlord.it\/new\/twilight-struggle\/","title":{"rendered":"Twilight Struggle"},"content":{"rendered":"<section  class='av_textblock_section av-av_textblock-0366cc7376be6c9e82a3e9cc8987b64f '  itemscope=\"itemscope\" itemtype=\"https:\/\/schema.org\/CreativeWork\" ><div class='avia_textblock '  itemprop=\"text\" ><h3 style=\"text-align: justify;\"><span style=\"color: #f9343b;\">Twilight Struggle<\/span><\/h3>\n<p style=\"text-align: justify;\">\u00e8 un wargame edito dalla <strong><span style=\"color: #3366ff;\"><a style=\"color: #3366ff;\" href=\"http:\/\/www.gmtgames.com\/default.aspx\">GMT games<\/a><\/span><\/strong>, bidimensionale\u00a0e asimmetrico, per due giocatori\u00a0creato da\u00a0<strong><span style=\"color: #3366ff;\"><a style=\"color: #3366ff;\" href=\"https:\/\/boardgamegeek.com\/boardgamedesigner\/3876\/ananda-gupta\">Ananda Gupta<\/a><\/span><\/strong> e <strong><span style=\"color: #3366ff;\"><a style=\"color: #3366ff;\" href=\"https:\/\/boardgamegeek.com\/boardgamedesigner\/3877\/jason-matthews\">Jason Matthews<\/a><\/span><\/strong>\u00a0che percorre, con straordinaria intensit\u00e0 ed un incredibile livello di simulazione, le fasi della Guerra Fredda, ovvero quel conflitto <em>invisibile <\/em>ma terribilmente <em>tangibile <\/em>fra le due Superpotenze che maggiormente hanno dominato la scena politica mondiale, dopo l\u2019ultima Grande Guerra, ovvero USA e URSS.<\/p>\n<\/div><\/section>\n\n<style type=\"text\/css\" data-created_by=\"avia_inline_auto\" id=\"style-css-av-av_one_half-9497bbf8bff73ea4c6992cc17fa9ec36\">\n.flex_column.av-av_one_half-9497bbf8bff73ea4c6992cc17fa9ec36{\nborder-radius:0px 0px 0px 0px;\n-webkit-border-radius:0px 0px 0px 0px;\n-moz-border-radius:0px 0px 0px 0px;\n}\n<\/style>\n<div class='flex_column av-av_one_half-9497bbf8bff73ea4c6992cc17fa9ec36 av_one_half  avia-builder-el-1  el_after_av_textblock  el_before_av_one_half  first flex_column_div av-zero-column-padding column-top-margin'   ><style type=\"text\/css\" data-created_by=\"avia_inline_auto\" id=\"style-css-av-av_image-3980657b3c78f90063533ca483feacd9\">\n.avia-image-container.av-av_image-3980657b3c78f90063533ca483feacd9 .av-image-caption-overlay-center{\ncolor:#ffffff;\n}\n<\/style>\n<div  class='avia-image-container av-av_image-3980657b3c78f90063533ca483feacd9 av-styling- avia-align-center  avia-builder-el-2  avia-builder-el-no-sibling  '  itemprop=\"image\" itemscope=\"itemscope\" itemtype=\"https:\/\/schema.org\/ImageObject\" ><div class=\"avia-image-container-inner\"><div class=\"avia-image-overlay-wrap\"><img class='wp-image-1787 avia-img-lazy-loading-not-1787 avia_image' src=\"https:\/\/www.overlord.it\/new\/wp-content\/uploads\/2016\/04\/twilight-struggle-tabellone-300x193.jpg\" alt='' title='twilight-struggle-tabellone'  height=\"193\" width=\"300\"  itemprop=\"thumbnailUrl\" srcset=\"https:\/\/www.overlord.it\/new\/wp-content\/uploads\/2016\/04\/twilight-struggle-tabellone-300x193.jpg 300w, https:\/\/www.overlord.it\/new\/wp-content\/uploads\/2016\/04\/twilight-struggle-tabellone-768x493.jpg 768w, https:\/\/www.overlord.it\/new\/wp-content\/uploads\/2016\/04\/twilight-struggle-tabellone-705x453.jpg 705w, https:\/\/www.overlord.it\/new\/wp-content\/uploads\/2016\/04\/twilight-struggle-tabellone-450x289.jpg 450w, https:\/\/www.overlord.it\/new\/wp-content\/uploads\/2016\/04\/twilight-struggle-tabellone.jpg 805w\" sizes=\"(max-width: 300px) 100vw, 300px\" \/><\/div><\/div><\/div><\/div>\n\n<style type=\"text\/css\" data-created_by=\"avia_inline_auto\" id=\"style-css-av-av_one_half-9c1d454dc06f7247226bc4e8f931daae\">\n.flex_column.av-av_one_half-9c1d454dc06f7247226bc4e8f931daae{\nborder-radius:0px 0px 0px 0px;\n-webkit-border-radius:0px 0px 0px 0px;\n-moz-border-radius:0px 0px 0px 0px;\n}\n<\/style>\n<div class='flex_column av-av_one_half-9c1d454dc06f7247226bc4e8f931daae av_one_half  avia-builder-el-3  el_after_av_one_half  el_before_av_one_half  flex_column_div av-zero-column-padding column-top-margin'   ><section  class='av_textblock_section av-av_textblock-0366cc7376be6c9e82a3e9cc8987b64f '  itemscope=\"itemscope\" itemtype=\"https:\/\/schema.org\/CreativeWork\" ><div class='avia_textblock '  itemprop=\"text\" ><p style=\"text-align: justify;\">La mappa di gioco rappresenta tutto il mondo diviso in 5 aree principali (Europa, Asia, Africa, Centro America e Sud America), ed in questa scala globale i due giocatori si confrontano per acquisire il maggior numero di alleati, piazzando i propri<\/p>\n<\/div><\/section><\/div>\n\n<style type=\"text\/css\" data-created_by=\"avia_inline_auto\" id=\"style-css-av-av_one_half-9497bbf8bff73ea4c6992cc17fa9ec36\">\n.flex_column.av-av_one_half-9497bbf8bff73ea4c6992cc17fa9ec36{\nborder-radius:0px 0px 0px 0px;\n-webkit-border-radius:0px 0px 0px 0px;\n-moz-border-radius:0px 0px 0px 0px;\n}\n<\/style>\n<div class='flex_column av-av_one_half-9497bbf8bff73ea4c6992cc17fa9ec36 av_one_half  avia-builder-el-5  el_after_av_one_half  el_before_av_one_half  first flex_column_div av-zero-column-padding column-top-margin'   ><section  class='av_textblock_section av-av_textblock-0366cc7376be6c9e82a3e9cc8987b64f '  itemscope=\"itemscope\" itemtype=\"https:\/\/schema.org\/CreativeWork\" ><div class='avia_textblock '  itemprop=\"text\" ><p style=\"text-align: justify;\">segnalini di <em>influenza<\/em> e tentando di rimuovere i segnalini dell&#8217;avversario. Si tiene conto dell&#8217;andamento del confronto su scala globale attraverso i punti vittoria guadagnati dai giocatori. Il gioco \u00e8 un <em>card driven game, <\/em>ossia tutte le azioni si risolvono \u00a0con una mano di carte che<\/p>\n<\/div><\/section><\/div>\n\n<style type=\"text\/css\" data-created_by=\"avia_inline_auto\" id=\"style-css-av-av_one_half-9c1d454dc06f7247226bc4e8f931daae\">\n.flex_column.av-av_one_half-9c1d454dc06f7247226bc4e8f931daae{\nborder-radius:0px 0px 0px 0px;\n-webkit-border-radius:0px 0px 0px 0px;\n-moz-border-radius:0px 0px 0px 0px;\n}\n<\/style>\n<div class='flex_column av-av_one_half-9c1d454dc06f7247226bc4e8f931daae av_one_half  avia-builder-el-7  el_after_av_one_half  el_before_av_one_half  flex_column_div av-zero-column-padding column-top-margin'   ><style type=\"text\/css\" data-created_by=\"avia_inline_auto\" id=\"style-css-av-av_image-939f4d4efd1d23d76bf64b00cf99b6a9\">\n.avia-image-container.av-av_image-939f4d4efd1d23d76bf64b00cf99b6a9 .av-image-caption-overlay-center{\ncolor:#ffffff;\n}\n<\/style>\n<div  class='avia-image-container av-av_image-939f4d4efd1d23d76bf64b00cf99b6a9 av-styling- avia-align-center  avia-builder-el-8  avia-builder-el-no-sibling  '  itemprop=\"image\" itemscope=\"itemscope\" itemtype=\"https:\/\/schema.org\/ImageObject\" ><div class=\"avia-image-container-inner\"><div class=\"avia-image-overlay-wrap\"><img class='wp-image-1796 avia-img-lazy-loading-not-1796 avia_image' src=\"https:\/\/www.overlord.it\/new\/wp-content\/uploads\/2016\/04\/influenza_controllo-300x206.png\" alt='' title='influenza_controllo'  height=\"206\" width=\"300\"  itemprop=\"thumbnailUrl\" srcset=\"https:\/\/www.overlord.it\/new\/wp-content\/uploads\/2016\/04\/influenza_controllo-300x206.png 300w, https:\/\/www.overlord.it\/new\/wp-content\/uploads\/2016\/04\/influenza_controllo-450x309.png 450w, https:\/\/www.overlord.it\/new\/wp-content\/uploads\/2016\/04\/influenza_controllo.png 528w\" sizes=\"(max-width: 300px) 100vw, 300px\" \/><\/div><\/div><\/div><\/div>\n\n<style type=\"text\/css\" data-created_by=\"avia_inline_auto\" id=\"style-css-av-av_one_half-9497bbf8bff73ea4c6992cc17fa9ec36\">\n.flex_column.av-av_one_half-9497bbf8bff73ea4c6992cc17fa9ec36{\nborder-radius:0px 0px 0px 0px;\n-webkit-border-radius:0px 0px 0px 0px;\n-moz-border-radius:0px 0px 0px 0px;\n}\n<\/style>\n<div class='flex_column av-av_one_half-9497bbf8bff73ea4c6992cc17fa9ec36 av_one_half  avia-builder-el-9  el_after_av_one_half  el_before_av_one_half  first flex_column_div av-zero-column-padding column-top-margin'   ><style type=\"text\/css\" data-created_by=\"avia_inline_auto\" id=\"style-css-av-av_image-9353ff4267e4c25b16299fe0696ad683\">\n.avia-image-container.av-av_image-9353ff4267e4c25b16299fe0696ad683 .av-image-caption-overlay-center{\ncolor:#ffffff;\n}\n<\/style>\n<div  class='avia-image-container av-av_image-9353ff4267e4c25b16299fe0696ad683 av-styling- avia-align-center  avia-builder-el-10  avia-builder-el-no-sibling  '  itemprop=\"image\" itemscope=\"itemscope\" itemtype=\"https:\/\/schema.org\/ImageObject\" ><div class=\"avia-image-container-inner\"><div class=\"avia-image-overlay-wrap\"><img class='wp-image-1788 avia-img-lazy-loading-not-1788 avia_image' src=\"https:\/\/www.overlord.it\/new\/wp-content\/uploads\/2016\/04\/captured-nazi-scientist-214x300.jpg\" alt='' title='captured-nazi-scientist'  height=\"300\" width=\"214\"  itemprop=\"thumbnailUrl\" srcset=\"https:\/\/www.overlord.it\/new\/wp-content\/uploads\/2016\/04\/captured-nazi-scientist-214x300.jpg 214w, https:\/\/www.overlord.it\/new\/wp-content\/uploads\/2016\/04\/captured-nazi-scientist.jpg 375w\" sizes=\"(max-width: 214px) 100vw, 214px\" \/><\/div><\/div><\/div><\/div>\n\n<style type=\"text\/css\" data-created_by=\"avia_inline_auto\" id=\"style-css-av-av_one_half-9c1d454dc06f7247226bc4e8f931daae\">\n.flex_column.av-av_one_half-9c1d454dc06f7247226bc4e8f931daae{\nborder-radius:0px 0px 0px 0px;\n-webkit-border-radius:0px 0px 0px 0px;\n-moz-border-radius:0px 0px 0px 0px;\n}\n<\/style>\n<div class='flex_column av-av_one_half-9c1d454dc06f7247226bc4e8f931daae av_one_half  avia-builder-el-11  el_after_av_one_half  el_before_av_one_half  flex_column_div av-zero-column-padding column-top-margin'   ><section  class='av_textblock_section av-av_textblock-0366cc7376be6c9e82a3e9cc8987b64f '  itemscope=\"itemscope\" itemtype=\"https:\/\/schema.org\/CreativeWork\" ><div class='avia_textblock '  itemprop=\"text\" ><p style=\"text-align: justify;\">pescano ogni turno, che si svolge su 10 turni suddivisi in tre fasi, early, mid e late war. Durante ogni turno i giocatori potranno alternativamente giocare una delle proprie carte, fino ad esaurire quelle che hanno in mano.<\/p>\n<p style=\"text-align: justify;\">Ogni carta possiede un valore di Punti Operazione ed un Evento, e pu\u00f2 essere giocata usando una o l&#8217;altra opzione disponibile.<\/p>\n<\/div><\/section><\/div>\n\n<style type=\"text\/css\" data-created_by=\"avia_inline_auto\" id=\"style-css-av-av_one_half-9497bbf8bff73ea4c6992cc17fa9ec36\">\n.flex_column.av-av_one_half-9497bbf8bff73ea4c6992cc17fa9ec36{\nborder-radius:0px 0px 0px 0px;\n-webkit-border-radius:0px 0px 0px 0px;\n-moz-border-radius:0px 0px 0px 0px;\n}\n<\/style>\n<div class='flex_column av-av_one_half-9497bbf8bff73ea4c6992cc17fa9ec36 av_one_half  avia-builder-el-13  el_after_av_one_half  el_before_av_one_half  first flex_column_div av-zero-column-padding column-top-margin'   ><section  class='av_textblock_section av-av_textblock-0366cc7376be6c9e82a3e9cc8987b64f '  itemscope=\"itemscope\" itemtype=\"https:\/\/schema.org\/CreativeWork\" ><div class='avia_textblock '  itemprop=\"text\" ><p style=\"text-align: justify;\">Gli eventi rappresentano una vera passeggiata nella storia e si va dal Piano Marshall al Movimento Pacifista, dalla Guerra di Corea ai Governi Socialisti, dalla Guerra del Vietnam alla Teologia della Liberazione. I Punti Operazione possono essere usati per compiere colpi di stato,<\/p>\n<\/div><\/section><\/div>\n\n<style type=\"text\/css\" data-created_by=\"avia_inline_auto\" id=\"style-css-av-av_one_half-9c1d454dc06f7247226bc4e8f931daae\">\n.flex_column.av-av_one_half-9c1d454dc06f7247226bc4e8f931daae{\nborder-radius:0px 0px 0px 0px;\n-webkit-border-radius:0px 0px 0px 0px;\n-moz-border-radius:0px 0px 0px 0px;\n}\n<\/style>\n<div class='flex_column av-av_one_half-9c1d454dc06f7247226bc4e8f931daae av_one_half  avia-builder-el-15  el_after_av_one_half  el_before_av_one_half  flex_column_div av-zero-column-padding column-top-margin'   ><style type=\"text\/css\" data-created_by=\"avia_inline_auto\" id=\"style-css-av-av_image-d05d7c6fa4b285557aca8745b33cd39b\">\n.avia-image-container.av-av_image-d05d7c6fa4b285557aca8745b33cd39b .av-image-caption-overlay-center{\ncolor:#ffffff;\n}\n<\/style>\n<div  class='avia-image-container av-av_image-d05d7c6fa4b285557aca8745b33cd39b av-styling- avia-align-center  avia-builder-el-16  avia-builder-el-no-sibling  '  itemprop=\"image\" itemscope=\"itemscope\" itemtype=\"https:\/\/schema.org\/ImageObject\" ><div class=\"avia-image-container-inner\"><div class=\"avia-image-overlay-wrap\"><img class='wp-image-1809 avia-img-lazy-loading-not-1809 avia_image' src=\"https:\/\/www.overlord.it\/new\/wp-content\/uploads\/2016\/04\/TSLMPDB_img1-300x208.jpg\" alt='' title='TSLMPDB_img1'  height=\"208\" width=\"300\"  itemprop=\"thumbnailUrl\" srcset=\"https:\/\/www.overlord.it\/new\/wp-content\/uploads\/2016\/04\/TSLMPDB_img1-300x208.jpg 300w, https:\/\/www.overlord.it\/new\/wp-content\/uploads\/2016\/04\/TSLMPDB_img1-450x312.jpg 450w, https:\/\/www.overlord.it\/new\/wp-content\/uploads\/2016\/04\/TSLMPDB_img1.jpg 500w\" sizes=\"(max-width: 300px) 100vw, 300px\" \/><\/div><\/div><\/div><\/div>\n\n<style type=\"text\/css\" data-created_by=\"avia_inline_auto\" id=\"style-css-av-av_one_half-9497bbf8bff73ea4c6992cc17fa9ec36\">\n.flex_column.av-av_one_half-9497bbf8bff73ea4c6992cc17fa9ec36{\nborder-radius:0px 0px 0px 0px;\n-webkit-border-radius:0px 0px 0px 0px;\n-moz-border-radius:0px 0px 0px 0px;\n}\n<\/style>\n<div class='flex_column av-av_one_half-9497bbf8bff73ea4c6992cc17fa9ec36 av_one_half  avia-builder-el-17  el_after_av_one_half  el_before_av_one_half  first flex_column_div av-zero-column-padding column-top-margin'   ><style type=\"text\/css\" data-created_by=\"avia_inline_auto\" id=\"style-css-av-av_image-66a6a3525497092b8a1ea3bf74b087a9\">\n.avia-image-container.av-av_image-66a6a3525497092b8a1ea3bf74b087a9 .av-image-caption-overlay-center{\ncolor:#ffffff;\n}\n<\/style>\n<div  class='avia-image-container av-av_image-66a6a3525497092b8a1ea3bf74b087a9 av-styling- avia-align-center  avia-builder-el-18  avia-builder-el-no-sibling  '  itemprop=\"image\" itemscope=\"itemscope\" itemtype=\"https:\/\/schema.org\/ImageObject\" ><div class=\"avia-image-container-inner\"><div class=\"avia-image-overlay-wrap\"><img class='wp-image-1789 avia-img-lazy-loading-not-1789 avia_image' src=\"https:\/\/www.overlord.it\/new\/wp-content\/uploads\/2016\/04\/TS_Scoring-300x140.jpg\" alt='' title='TS_Scoring'  height=\"140\" width=\"300\"  itemprop=\"thumbnailUrl\" srcset=\"https:\/\/www.overlord.it\/new\/wp-content\/uploads\/2016\/04\/TS_Scoring-300x140.jpg 300w, https:\/\/www.overlord.it\/new\/wp-content\/uploads\/2016\/04\/TS_Scoring-768x358.jpg 768w, https:\/\/www.overlord.it\/new\/wp-content\/uploads\/2016\/04\/TS_Scoring-1030x480.jpg 1030w, https:\/\/www.overlord.it\/new\/wp-content\/uploads\/2016\/04\/TS_Scoring-705x328.jpg 705w, https:\/\/www.overlord.it\/new\/wp-content\/uploads\/2016\/04\/TS_Scoring-450x210.jpg 450w, https:\/\/www.overlord.it\/new\/wp-content\/uploads\/2016\/04\/TS_Scoring.jpg 1127w\" sizes=\"(max-width: 300px) 100vw, 300px\" \/><\/div><\/div><\/div><\/div>\n\n<style type=\"text\/css\" data-created_by=\"avia_inline_auto\" id=\"style-css-av-av_one_half-9c1d454dc06f7247226bc4e8f931daae\">\n.flex_column.av-av_one_half-9c1d454dc06f7247226bc4e8f931daae{\nborder-radius:0px 0px 0px 0px;\n-webkit-border-radius:0px 0px 0px 0px;\n-moz-border-radius:0px 0px 0px 0px;\n}\n<\/style>\n<div class='flex_column av-av_one_half-9c1d454dc06f7247226bc4e8f931daae av_one_half  avia-builder-el-19  el_after_av_one_half  el_before_av_textblock  flex_column_div av-zero-column-padding column-top-margin'   ><section  class='av_textblock_section av-av_textblock-0366cc7376be6c9e82a3e9cc8987b64f '  itemscope=\"itemscope\" itemtype=\"https:\/\/schema.org\/CreativeWork\" ><div class='avia_textblock '  itemprop=\"text\" ><p style=\"text-align: justify;\">per i <em>realignment<\/em> <em>rolls, <\/em>per la corsa spaziale o soprattutto per influenzare le nazioni. Si pu\u00f2 vincere in vari modi, raggiungendo il massimo dei Punti Vittoria, ottenendo la <em>supremazia <\/em>in europa,<\/p>\n<\/div><\/section><\/div>\n<section  class='av_textblock_section av-av_textblock-0366cc7376be6c9e82a3e9cc8987b64f '  itemscope=\"itemscope\" itemtype=\"https:\/\/schema.org\/CreativeWork\" ><div class='avia_textblock '  itemprop=\"text\" ><p style=\"text-align: justify;\">se l\u2019avversario provoca una guerra nucleare o avendo pi\u00f9 Punti Vittoria dell\u2019avversario al termine della partita. Tra le carte sono presenti alcune carte-punteggio. Quando esse verranno giocate da un giocatore, si calcoleranno i punti relativi al continente raffigurato sulla carta stessa. Nel gioco \u00e8 presente una carta per continente, quindi il giocatore che la pesca dovr\u00e0 badare a giocarla nel momento a lui pi\u00f9 favorevole (comunque entro la fine del turno).<\/p>\n<\/div><\/section>\n","protected":false},"excerpt":{"rendered":"","protected":false},"author":23,"featured_media":0,"parent":0,"menu_order":0,"comment_status":"closed","ping_status":"closed","template":"","meta":{"ngg_post_thumbnail":0},"_links":{"self":[{"href":"https:\/\/www.overlord.it\/new\/wp-json\/wp\/v2\/pages\/1786"}],"collection":[{"href":"https:\/\/www.overlord.it\/new\/wp-json\/wp\/v2\/pages"}],"about":[{"href":"https:\/\/www.overlord.it\/new\/wp-json\/wp\/v2\/types\/page"}],"author":[{"embeddable":true,"href":"https:\/\/www.overlord.it\/new\/wp-json\/wp\/v2\/users\/23"}],"replies":[{"embeddable":true,"href":"https:\/\/www.overlord.it\/new\/wp-json\/wp\/v2\/comments?post=1786"}],"version-history":[{"count":18,"href":"https:\/\/www.overlord.it\/new\/wp-json\/wp\/v2\/pages\/1786\/revisions"}],"predecessor-version":[{"id":1814,"href":"https:\/\/www.overlord.it\/new\/wp-json\/wp\/v2\/pages\/1786\/revisions\/1814"}],"wp:attachment":[{"href":"https:\/\/www.overlord.it\/new\/wp-json\/wp\/v2\/media?parent=1786"}],"curies":[{"name":"wp","href":"https:\/\/api.w.org\/{rel}","templated":true}]}}