{"id":2701,"date":"2023-10-03T02:30:07","date_gmt":"2023-10-03T00:30:07","guid":{"rendered":"http:\/\/www.overlord.it\/new\/?page_id=2701"},"modified":"2026-04-24T17:58:26","modified_gmt":"2026-04-24T15:58:26","slug":"trasparenza","status":"publish","type":"page","link":"https:\/\/www.overlord.it\/new\/trasparenza\/","title":{"rendered":"Trasparenza"},"content":{"rendered":"<div class='flex_column av-cuvicd-3aa3c50f329a56da2ec1ef882f979e90 av_one_full  avia-builder-el-0  avia-builder-el-no-sibling  first flex_column_div '   ><p>\n<style type=\"text\/css\" data-created_by=\"avia_inline_auto\" id=\"style-css-av-ln9kdjeh-eb194b4ef4bb9e257f46c4d8c4b6fc47\">\n#top .av-special-heading.av-ln9kdjeh-eb194b4ef4bb9e257f46c4d8c4b6fc47{\npadding-bottom:10px;\ncolor:#ed0b13;\n}\n.av-special-heading.av-ln9kdjeh-eb194b4ef4bb9e257f46c4d8c4b6fc47 .special-heading-inner-border{\nborder-color:#ed0b13;\n}\n<\/style>\n<div  class='av-special-heading av-ln9kdjeh-eb194b4ef4bb9e257f46c4d8c4b6fc47 av-special-heading-h3 custom-color-heading  avia-builder-el-1  el_before_av_textblock  avia-builder-el-first  '><h3 class='av-special-heading-tag '  itemprop=\"headline\"  >Statuto<\/h3><div class='special-heading-border'><div class='special-heading-inner-border'><\/div><\/div><\/div><br \/>\n<section  class='av_textblock_section av-ln9knug2-50f1472df032e3ec26bb97827b4fc260 '  itemscope=\"itemscope\" itemtype=\"https:\/\/schema.org\/CreativeWork\" ><div class='avia_textblock '  itemprop=\"text\" ><p><strong><span style=\"color: #3366ff;\"><a style=\"color: #3366ff;\" href=\"http:\/\/www.overlord.it\/new\/wp-content\/uploads\/2026\/03\/Statuto_2026.pdf\">Statuto ASD Circolo Overlord APS-ETS<\/a><\/span><\/strong><\/p>\n<p><strong><span style=\"color: #3366ff;\"><a style=\"color: #3366ff;\"<a href=\"http:\/\/www.overlord.it\/new\/wp-content\/uploads\/2026\/03\/Attestazione_sede_legale_Circolo_Overlord.pdf\">Attestazione sede legale Circolo Overlord<\/a><\/span><\/strong><\/p>\n<\/div><\/section><br \/>\n<div  class='hr av-8nh6x9-3c79bdc357a3566aaaa083e89346cf0e hr-default  avia-builder-el-3  el_after_av_textblock  el_before_av_heading  '><span class='hr-inner '><span class=\"hr-inner-style\"><\/span><\/span><\/div><br \/>\n\n<style type=\"text\/css\" data-created_by=\"avia_inline_auto\" id=\"style-css-av-ln9ktybi-e893de7b02bffeb0bd1e033a6a2b4a87\">\n#top .av-special-heading.av-ln9ktybi-e893de7b02bffeb0bd1e033a6a2b4a87{\npadding-bottom:10px;\ncolor:#ed0b13;\n}\n.av-special-heading.av-ln9ktybi-e893de7b02bffeb0bd1e033a6a2b4a87 .special-heading-inner-border{\nborder-color:#ed0b13;\n}\n<\/style>\n<div  class='av-special-heading av-ln9ktybi-e893de7b02bffeb0bd1e033a6a2b4a87 av-special-heading-h3 custom-color-heading  avia-builder-el-4  el_after_av_hr  el_before_av_textblock  '><h3 class='av-special-heading-tag '  itemprop=\"headline\"  >Bilancio<\/h3><div class='special-heading-border'><div class='special-heading-inner-border'><\/div><\/div><\/div><br \/>\n<section  class='av_textblock_section av-ln9kyjlj-1f401e857cced007280192794c11ad49 '  itemscope=\"itemscope\" itemtype=\"https:\/\/schema.org\/CreativeWork\" ><div class='avia_textblock '  itemprop=\"text\" ><p><strong><span style=\"color: #3366ff;\"><a style=\"color: #3366ff;\" href=\"http:\/\/www.overlord.it\/new\/wp-content\/uploads\/2026\/03\/Bilancio_2025.pdf\">Bilancio 2025<\/a><\/span><\/strong><\/p>\n<p><strong><span style=\"color: #3366ff;\"><a style=\"color: #3366ff;\" href=\"http:\/\/www.overlord.it\/new\/wp-content\/uploads\/2026\/03\/Bilancio_2024_RUNTS.pdf\">Bilancio 2024<\/a><\/span><\/strong><\/p>\n<p><strong><span style=\"color: #3366ff;\"><a style=\"color: #3366ff;\" href=\"http:\/\/www.overlord.it\/new\/wp-content\/uploads\/2024\/12\/Bilancio_2023.pdf\">Bilancio 2023<\/a><\/span><\/strong><\/p>\n<p><strong><span style=\"color: #3366ff;\"><a style=\"color: #3366ff;\" href=\"http:\/\/www.overlord.it\/new\/wp-content\/uploads\/2023\/10\/2022.pdf\">Bilancio 2022<\/a><\/span><\/strong><\/p>\n<\/div><\/section><br \/>\n<div  class='hr av-550q19-87a582d439c5ace390ccefb2876adfe3 hr-default  avia-builder-el-6  el_after_av_textblock  el_before_av_heading  '><span class='hr-inner '><span class=\"hr-inner-style\"><\/span><\/span><\/div><br \/>\n\n<style type=\"text\/css\" data-created_by=\"avia_inline_auto\" id=\"style-css-av-mo6088z6-a7768b08df33fa1997578c9024829650\">\n#top .av-special-heading.av-mo6088z6-a7768b08df33fa1997578c9024829650{\npadding-bottom:10px;\ncolor:#ed0b13;\n}\n.av-special-heading.av-mo6088z6-a7768b08df33fa1997578c9024829650 .special-heading-inner-border{\nborder-color:#ed0b13;\n}\n<\/style>\n<div  class='av-special-heading av-mo6088z6-a7768b08df33fa1997578c9024829650 av-special-heading-h3 custom-color-heading  avia-builder-el-7  el_after_av_hr  el_before_av_textblock  '><h3 class='av-special-heading-tag '  itemprop=\"headline\"  >Rendicontazione dei contributi pubblici &#8211; L. 124\/2017<\/h3><div class='special-heading-border'><div class='special-heading-inner-border'><\/div><\/div><\/div><br \/>\n<section  class='av_textblock_section av-mo609fhi-a5af827f91c862efd92cc84896263c46 '  itemscope=\"itemscope\" itemtype=\"https:\/\/schema.org\/CreativeWork\" ><div class='avia_textblock '  itemprop=\"text\" ><p><strong><span style=\"color: #3366ff;\"><a style=\"color: #3366ff;\" href=\"http:\/\/www.overlord.it\/new\/wp-content\/uploads\/2026\/04\/Contributi_pubblici_2025_sig.pdf\">Pubblicazione contributi pubblici 2025<\/a><\/span><\/strong><\/p>\n<\/div><\/section><br \/>\n<div  class='hr av-33lz59-3630e9e912fbe2ea456ab5f2a6299cbd hr-default  avia-builder-el-9  el_after_av_textblock  el_before_av_heading  '><span class='hr-inner '><span class=\"hr-inner-style\"><\/span><\/span><\/div><br \/>\n\n<style type=\"text\/css\" data-created_by=\"avia_inline_auto\" id=\"style-css-av-mod3guvj-ccb7efef86b8f4e65479967e604d95ad\">\n#top .av-special-heading.av-mod3guvj-ccb7efef86b8f4e65479967e604d95ad{\npadding-bottom:10px;\ncolor:#ed0b13;\n}\n.av-special-heading.av-mod3guvj-ccb7efef86b8f4e65479967e604d95ad .special-heading-inner-border{\nborder-color:#ed0b13;\n}\n<\/style>\n<div  class='av-special-heading av-mod3guvj-ccb7efef86b8f4e65479967e604d95ad av-special-heading-h3 custom-color-heading  avia-builder-el-10  el_after_av_hr  el_before_av_textblock  '><h3 class='av-special-heading-tag '  itemprop=\"headline\"  >Rendicontazione contributi 5X1000<\/h3><div class='special-heading-border'><div class='special-heading-inner-border'><\/div><\/div><\/div><br \/>\n<section  class='av_textblock_section av-mod3hwqu-43a3097a42c3d49df0763e604ef199b3 '  itemscope=\"itemscope\" itemtype=\"https:\/\/schema.org\/CreativeWork\" ><div class='avia_textblock '  itemprop=\"text\" ><p><strong><span style=\"color: #3366ff;\"><a style=\"color: #3366ff;\" href=\"http:\/\/www.overlord.it\/new\/wp-content\/uploads\/2026\/04\/Fascicolo_rendicontazione_5X1000_anno_2024_sig.pdf\">Fascicolo di rendicontazione 5&#215;1000 &#8211; Anno Finaziario 2024<\/a><\/span><\/strong><\/p>\n<\/div><\/section><br \/>\n<div  class='hr av-av_hr-91d7ccd583a503147498e120fee2ff9b hr-default  avia-builder-el-12  el_after_av_textblock  el_before_av_heading  '><span class='hr-inner '><span class=\"hr-inner-style\"><\/span><\/span><\/div><br \/>\n\n<style type=\"text\/css\" data-created_by=\"avia_inline_auto\" id=\"style-css-av-ln9kv8jp-98ee6a80798db6abddf39ddd0ac29c4b\">\n#top .av-special-heading.av-ln9kv8jp-98ee6a80798db6abddf39ddd0ac29c4b{\npadding-bottom:10px;\ncolor:#ed0b13;\n}\n.av-special-heading.av-ln9kv8jp-98ee6a80798db6abddf39ddd0ac29c4b .special-heading-inner-border{\nborder-color:#ed0b13;\n}\n<\/style>\n<div  class='av-special-heading av-ln9kv8jp-98ee6a80798db6abddf39ddd0ac29c4b av-special-heading-h3 custom-color-heading  avia-builder-el-13  el_after_av_hr  el_before_av_textblock  '><h3 class='av-special-heading-tag '  itemprop=\"headline\"  >Safeguarding<\/h3><div class='special-heading-border'><div class='special-heading-inner-border'><\/div><\/div><\/div><br \/>\n<section  class='av_textblock_section av-ln9kun8o-677385b6f549eb39f228680d8b2ed9df '  itemscope=\"itemscope\" itemtype=\"https:\/\/schema.org\/CreativeWork\" ><div class='avia_textblock '  itemprop=\"text\" ><p><strong><span style=\"color: #3366ff;\"><a style=\"color: #3366ff;\" href=\"http:\/\/www.overlord.it\/new\/wp-content\/uploads\/2025\/06\/Codice_condotta.pdf\">Codice di condotta<\/a><\/span><\/strong><\/p>\n<p><strong><span style=\"color: #3366ff;\"><a style=\"color: #3366ff;\" href=\"http:\/\/www.overlord.it\/new\/wp-content\/uploads\/2025\/06\/Nomina_Responsabile_Safeguarding.pdf\">Comunicazione Nomina Responsabile Safeguarding<\/a><\/span><\/strong><\/p>\n<p><strong><span style=\"color: #3366ff;\"><a style=\"color: #3366ff;\" href=\"http:\/\/www.overlord.it\/new\/wp-content\/uploads\/2025\/06\/Modello_organizzativo_di_gestione_e_controllo_dellattivita_sportiva.pdf\">Modello organizzativo di gestione e controllo dell\u2019attivit\u00e0 sportiva<\/a><\/span><\/strong><\/p>\n<\/div><\/section><br \/>\n<div  class='hr av-8fvp8t-7910c3f98a0b0bd19b5b66f555278323 hr-default  avia-builder-el-15  el_after_av_textblock  el_before_av_heading  '><span class='hr-inner '><span class=\"hr-inner-style\"><\/span><\/span><\/div><br \/>\n\n<style type=\"text\/css\" data-created_by=\"avia_inline_auto\" id=\"style-css-av-rd51p-1f25628c4fa2dcb33f2c9483cc87d819\">\n#top .av-special-heading.av-rd51p-1f25628c4fa2dcb33f2c9483cc87d819{\npadding-bottom:10px;\ncolor:#ed0b13;\n}\n.av-special-heading.av-rd51p-1f25628c4fa2dcb33f2c9483cc87d819 .special-heading-inner-border{\nborder-color:#ed0b13;\n}\n<\/style>\n<div  class='av-special-heading av-rd51p-1f25628c4fa2dcb33f2c9483cc87d819 av-special-heading-h3 custom-color-heading  avia-builder-el-16  el_after_av_hr  el_before_av_textblock  '><h3 class='av-special-heading-tag '  itemprop=\"headline\"  >Adempimenti verso la regione<\/h3><div class='special-heading-border'><div class='special-heading-inner-border'><\/div><\/div><\/div><br \/>\n<section  class='av_textblock_section av-5hjolp-9150b361d61cf7c2e794d1ecc6828c03 '  itemscope=\"itemscope\" itemtype=\"https:\/\/schema.org\/CreativeWork\" ><div class='avia_textblock '  itemprop=\"text\" ><p><strong><span style=\"color: #3366ff;\"><a style=\"color: #3366ff;\" href=\"http:\/\/www.overlord.it\/new\/wp-content\/uploads\/2023\/10\/A_DGR_223_2022.pdf\">2022 All A DGR 223-2017<\/a><\/span><\/strong><\/p>\n<p><strong><span style=\"color: #3366ff;\"><a style=\"color: #3366ff;\" href=\"http:\/\/www.overlord.it\/new\/wp-content\/uploads\/2024\/12\/All_A_DGR_223_2023.pdf\">2023 All A DGR 233-2017<\/a><\/span><\/strong><\/p>\n<\/div><\/section><br \/>\n<div  class='hr av-448ka5-34702662288ed8cc03bde6d5b3a3f8ef hr-default  avia-builder-el-18  el_after_av_textblock  el_before_av_heading  '><span class='hr-inner '><span class=\"hr-inner-style\"><\/span><\/span><\/div><br \/>\n\n<style type=\"text\/css\" data-created_by=\"avia_inline_auto\" id=\"style-css-av-mbxgh3bd-5b53e9737f2feab3d5212a9c9f3ae630\">\n#top .av-special-heading.av-mbxgh3bd-5b53e9737f2feab3d5212a9c9f3ae630{\npadding-bottom:10px;\ncolor:#ed0b13;\n}\n.av-special-heading.av-mbxgh3bd-5b53e9737f2feab3d5212a9c9f3ae630 .special-heading-inner-border{\nborder-color:#ed0b13;\n}\n<\/style>\n<div  class='av-special-heading av-mbxgh3bd-5b53e9737f2feab3d5212a9c9f3ae630 av-special-heading-h3 custom-color-heading  avia-builder-el-19  el_after_av_hr  el_before_av_textblock  '><h3 class='av-special-heading-tag '  itemprop=\"headline\"  >Moduli di Iscrizione<\/h3><div class='special-heading-border'><div class='special-heading-inner-border'><\/div><\/div><\/div><br \/>\n<section  class='av_textblock_section av-mbxgjmrx-d307f041f8700fa9ba4e4b4f8842baea '  itemscope=\"itemscope\" itemtype=\"https:\/\/schema.org\/CreativeWork\" ><div class='avia_textblock '  itemprop=\"text\" ><p><strong><span style=\"color: #3366ff;\"><a style=\"color: #3366ff;\" href=\"http:\/\/www.overlord.it\/new\/wp-content\/uploads\/2023\/11\/IscrizioneOverlord.pdf\">Modulo di Iscrizione<\/a><\/span><\/strong><\/p>\n<p><strong><span style=\"color: #3366ff;\"><a style=\"color: #3366ff;\" href=\"http:\/\/www.overlord.it\/new\/wp-content\/uploads\/2023\/12\/Modello_Privacy.pdf\">Modello Privacy<\/a><\/span><\/strong><\/p>\n<\/div><\/section><br \/>\n<div  class='hr av-66yw4t-1d96bd042b1f74e690992aa06fc6ac09 hr-default  avia-builder-el-21  el_after_av_textblock  el_before_av_heading  '><span class='hr-inner '><span class=\"hr-inner-style\"><\/span><\/span><\/div><br \/>\n\n<style type=\"text\/css\" data-created_by=\"avia_inline_auto\" id=\"style-css-av-m4ys3idk-3947912708e28c8b54c004ebce85e9c6\">\n#top .av-special-heading.av-m4ys3idk-3947912708e28c8b54c004ebce85e9c6{\npadding-bottom:10px;\ncolor:#ed0b13;\n}\n.av-special-heading.av-m4ys3idk-3947912708e28c8b54c004ebce85e9c6 .special-heading-inner-border{\nborder-color:#ed0b13;\n}\n<\/style>\n<div  class='av-special-heading av-m4ys3idk-3947912708e28c8b54c004ebce85e9c6 av-special-heading-h3 custom-color-heading  avia-builder-el-22  el_after_av_hr  el_before_av_textblock  '><h3 class='av-special-heading-tag '  itemprop=\"headline\"  >Cookie Policy<\/h3><div class='special-heading-border'><div class='special-heading-inner-border'><\/div><\/div><\/div><br \/>\n<section  class='av_textblock_section av-m4ys7529-378e58a97ac2e5a82200124f44383698 '  itemscope=\"itemscope\" itemtype=\"https:\/\/schema.org\/CreativeWork\" ><div class='avia_textblock '  itemprop=\"text\" ><p><main class=\"template-page content  av-content-full alpha units\" role=\"main\"><\/p>\n<div class=\"post-entry post-entry-type-page post-entry-2105\">\n<div class=\"entry-content-wrapper clearfix\">\n<section class=\"av_textblock_section av-2bu3bd-21beedf84649b40680986549b41b717b \">\n<div class=\"avia_textblock \">\n<h2 style=\"text-align: justify;\">Cos\u2019\u00e8 un \u201ccookie\u201d<\/h2>\n<p style=\"text-align: justify;\">Un cookie \u00e8 un breve testo inviato al tuo programma di navigazione internet (browser) dal sito visitato che consente di memorizzare informazioni sulla tua visita, quali per esempio la tua lingua preferita o gli elementi aggiunti al carrello. Questo consente di facilitare la tua visita successiva e aumentare l\u2019utilit\u00e0 del sito a tuo favore svolgendo un ruolo importante; senza di essi l\u2019utilizzo del web sarebbe un\u2019esperienza molto pi\u00f9 difficoltosa. Per avere ulteriori informazioni sui cookie consigliamo di visitare la pagina web preposta sul sito del garante della privacy o sul sito AboutCookie.org (in lingua inglese).<\/p>\n<h2 style=\"text-align: justify;\">Come vengono utilizzati<\/h2>\n<p style=\"text-align: justify;\">Il sito presenta una finestra popup all\u2019apertura per informare l\u2019ospite che in queste pagine si utilizzano dei cookie e che non \u00e8 necessario inoltrare un consenso esplicito per la fruizione dei nostri servizi in quanto \u00e8 sufficiente proseguire la navigazione per accettare implicitamente l\u2019invio di cookie al proprio sistema di navigazione (come stabilito dallo stesso garante della privacy con testo pubblicato sulla Gazzetta Ufficiale 126 del 3 giugno 2014). In ogni caso questo sito non distribuisce le informazioni di questa navigazione a terzi n\u00e8 a fini statistici n\u00e8 per pubblicit\u00e0, ma li usa in proprio solo per il funzionamento del proprio sito. Questo sito utilizza i seguenti tipi di cookie:<\/p>\n<p style=\"text-align: justify;\"><strong>Cookie indispensabili<br \/>\n<\/strong>Sono essenziali per consentire di spostarsi in tutto il sito ed utilizzare a pieno le sue caratteristiche senza problemi tecnici, come ad esempio accedere alle varie aree protette del sito. Senza di essi alcuni servizi necessari non possono essere fruiti. Performance cookie Raccolgono informazioni su come gli utenti utilizzano un sito web, per esempio quali sono le pagine pi\u00f9 visitare; Vengono utilizzati solo per migliorare il funzionamento di un sito web attraverso lo studio di dati statistici.<\/p>\n<p style=\"text-align: justify;\"><strong>Cookie di funzionalit\u00e0<br \/>\n<\/strong>Consentono al sito di ricordare le scelte fatte dall\u2019utente e forniscono funzionalit\u00e0 avanzate personalizzate (come articoli scelti o visitati in precedenza per consigli su altri prodotti); possono essere utilizzati anche per ricordare le modifiche apportate alla dimensione del testo, font ed altre parti di pagine web che \u00e8 possibile personalizzare. Possono essere anche utilizzati per fornire servizi che hai richiesto come guardare un video; le informazioni raccolte da questo tipo di cookie possono essere rese anonime.<\/p>\n<h2 style=\"text-align: justify;\">Come gestire i cookie sul tuo pc<\/h2>\n<p style=\"text-align: justify;\">Per la gestione dei cookie sul proprio broswer, consultate la documentazione redatta dal produttore. Qui di seguito la lista dei sistemi pi\u00f9 utilizzati comunemente: Google Chrome (versione desktop) Google Chrome (versione mobile) Internet Explorer Mozilla Firefox Opera Safari (dispositivi mobili quali iPhone, iPad, iPod Touch) Safari (versione desktop)<\/p>\n<h2 style=\"text-align: justify;\">Google analytics e google adwords<\/h2>\n<p style=\"text-align: justify;\">Tali servizi utilizzano i cookie per fini statistici, tali informazioni verranno trasmesse e depositate presso i server di Google negli Stati Uniti al fine di esaminare il Vostro utilizzo del sito web, compilare report sulle attivit\u00e0 del sito per gli operatori dello stesso e fornire altri servizi relativi alle attivit\u00e0 del sito web e all\u2019utilizzo di internet. Google pu\u00f2 anche trasferire queste informazioni a terzi ove ci\u00f2 sia imposto dalla legge o laddove tali terzi trattino le suddette informazioni per conto di Google. Google non assocer\u00e0 il vostro indirizzo IP a nessun altro dato. E\u2019 possibile rifiutare di usare i cookies selezionando l\u2019impostazione appropriata sul vostro browser, ma si prega di notare che se si fa questo potrebbe non essere possibile fruire di tutte le funzionalit\u00e0 di questo sito web. Utilizzando il presente sito web, voi acconsentite al trattamento dei Vostri dati da parte di Google per le modalit\u00e0 ed i fini sopraindicati . Si pu\u00f2 impedire a Google il rilevamento dei cookie legati al Vostro utilizzo di questo sito web (compreso il Vostro indirizzo IP) e l\u2019elaborazione di tali dati scaricando e installando l\u2019apposito plug-in per broswer scaricabile a questo indirizzo web.<\/p>\n<\/div>\n<\/section>\n<\/div>\n<\/div>\n<p><\/main><\/p>\n<\/div><\/section><br \/>\n<div  class='hr av-36tadp-433cc977e26cdaffe6a4fbf2d9e95db1 hr-default  avia-builder-el-24  el_after_av_textblock  el_before_av_social_share  '><span class='hr-inner '><span class=\"hr-inner-style\"><\/span><\/span><\/div><br \/>\n<div  class='av-social-sharing-box av-2qr871-a8b0baed4f804a69c01821028a3c12e0 av-social-sharing-box-default  avia-builder-el-25  el_after_av_hr  avia-builder-el-last  av-social-sharing-box-fullwidth '><div class=\"av-share-box\"><h5 class='av-share-link-description av-no-toc '>Condividi questo articolo<\/h5><ul class=\"av-share-box-list noLightbox\"><li class='av-share-link av-social-link-facebook' ><a target=\"_blank\" aria-label=\"Condividi su Facebook\" href='https:\/\/www.facebook.com\/sharer.php?u=https:\/\/www.overlord.it\/new\/trasparenza\/&#038;t=Trasparenza' aria-hidden='false' data-av_icon='\ue8f3' data-av_iconfont='entypo-fontello' title='' data-avia-related-tooltip='Condividi su Facebook' rel=\"noopener\"><span class='avia_hidden_link_text'>Condividi su Facebook<\/span><\/a><\/li><li class='av-share-link av-social-link-twitter' ><a target=\"_blank\" aria-label=\"Condividi su Twitter\" href='https:\/\/twitter.com\/share?text=Trasparenza&#038;url=https:\/\/www.overlord.it\/new\/?p=2701' aria-hidden='false' data-av_icon='\ue8f1' data-av_iconfont='entypo-fontello' title='' data-avia-related-tooltip='Condividi su Twitter' rel=\"noopener\"><span class='avia_hidden_link_text'>Condividi su Twitter<\/span><\/a><\/li><li class='av-share-link av-social-link-pinterest' ><a target=\"_blank\" aria-label=\"Condividi su Pinterest\" href='https:\/\/pinterest.com\/pin\/create\/button\/?url=https%3A%2F%2Fwww.overlord.it%2Fnew%2Ftrasparenza%2F&#038;description=Trasparenza&#038;media=' aria-hidden='false' data-av_icon='\ue8f8' data-av_iconfont='entypo-fontello' title='' data-avia-related-tooltip='Condividi su Pinterest' rel=\"noopener\"><span class='avia_hidden_link_text'>Condividi su Pinterest<\/span><\/a><\/li><li class='av-share-link av-social-link-linkedin' ><a target=\"_blank\" aria-label=\"Condividi su LinkedIn\" href='https:\/\/linkedin.com\/shareArticle?mini=true&#038;title=Trasparenza&#038;url=https:\/\/www.overlord.it\/new\/trasparenza\/' aria-hidden='false' data-av_icon='\ue8fc' data-av_iconfont='entypo-fontello' title='' data-avia-related-tooltip='Condividi su LinkedIn' rel=\"noopener\"><span class='avia_hidden_link_text'>Condividi su LinkedIn<\/span><\/a><\/li><li class='av-share-link av-social-link-tumblr' ><a target=\"_blank\" aria-label=\"Condividi su Tumblr\" href='https:\/\/www.tumblr.com\/share\/link?url=https%3A%2F%2Fwww.overlord.it%2Fnew%2Ftrasparenza%2F&#038;name=Trasparenza&#038;description=' aria-hidden='false' data-av_icon='\ue8fa' data-av_iconfont='entypo-fontello' title='' data-avia-related-tooltip='Condividi su Tumblr' rel=\"noopener\"><span class='avia_hidden_link_text'>Condividi su Tumblr<\/span><\/a><\/li><li class='av-share-link av-social-link-vk' ><a target=\"_blank\" aria-label=\"Condividi su Vk\" href='https:\/\/vk.com\/share.php?url=https:\/\/www.overlord.it\/new\/trasparenza\/' aria-hidden='false' data-av_icon='\ue926' data-av_iconfont='entypo-fontello' title='' data-avia-related-tooltip='Condividi su Vk' rel=\"noopener\"><span class='avia_hidden_link_text'>Condividi su Vk<\/span><\/a><\/li><li class='av-share-link av-social-link-reddit' ><a target=\"_blank\" aria-label=\"Condividi su Reddit\" href='https:\/\/reddit.com\/submit?url=https:\/\/www.overlord.it\/new\/trasparenza\/&#038;title=Trasparenza' aria-hidden='false' data-av_icon='\ue927' data-av_iconfont='entypo-fontello' title='' data-avia-related-tooltip='Condividi su Reddit' rel=\"noopener\"><span class='avia_hidden_link_text'>Condividi su Reddit<\/span><\/a><\/li><li class='av-share-link av-social-link-mail' ><a  aria-label=\"Condividi attraverso Mail\" href='mailto:?subject=Trasparenza&#038;body=https:\/\/www.overlord.it\/new\/trasparenza\/' aria-hidden='false' data-av_icon='\ue805' data-av_iconfont='entypo-fontello' title='' data-avia-related-tooltip='Condividi attraverso Mail'><span class='avia_hidden_link_text'>Condividi attraverso Mail<\/span><\/a><\/li><\/ul><\/div><\/div><\/p><\/div>\n","protected":false},"excerpt":{"rendered":"","protected":false},"author":28,"featured_media":0,"parent":0,"menu_order":0,"comment_status":"closed","ping_status":"closed","template":"","meta":{"ngg_post_thumbnail":0},"_links":{"self":[{"href":"https:\/\/www.overlord.it\/new\/wp-json\/wp\/v2\/pages\/2701"}],"collection":[{"href":"https:\/\/www.overlord.it\/new\/wp-json\/wp\/v2\/pages"}],"about":[{"href":"https:\/\/www.overlord.it\/new\/wp-json\/wp\/v2\/types\/page"}],"author":[{"embeddable":true,"href":"https:\/\/www.overlord.it\/new\/wp-json\/wp\/v2\/users\/28"}],"replies":[{"embeddable":true,"href":"https:\/\/www.overlord.it\/new\/wp-json\/wp\/v2\/comments?post=2701"}],"version-history":[{"count":14,"href":"https:\/\/www.overlord.it\/new\/wp-json\/wp\/v2\/pages\/2701\/revisions"}],"predecessor-version":[{"id":2982,"href":"https:\/\/www.overlord.it\/new\/wp-json\/wp\/v2\/pages\/2701\/revisions\/2982"}],"wp:attachment":[{"href":"https:\/\/www.overlord.it\/new\/wp-json\/wp\/v2\/media?parent=2701"}],"curies":[{"name":"wp","href":"https:\/\/api.w.org\/{rel}","templated":true}]}}