{"id":813,"date":"2016-01-29T11:46:20","date_gmt":"2016-01-29T10:46:20","guid":{"rendered":"http:\/\/www.overlord.it\/new\/?page_id=813"},"modified":"2016-04-25T15:47:14","modified_gmt":"2016-04-25T13:47:14","slug":"bloodbowl-2012","status":"publish","type":"page","link":"https:\/\/www.overlord.it\/new\/bloodbowl-2012\/","title":{"rendered":"BloodBowl 2012"},"content":{"rendered":"<p style=\"text-align: justify;\">Illustrissimi amici e soci, \u00e8 con piacere che annuncio l&#8217;inizio della lega di Blood Bowl del circolo Overlord. Dopo diversi tentativi finalmente quest&#8217;anno \u00e8 partita. Sar\u00e0 la prima edizione ufficiale con le <span style=\"color: #3366ff;\"><strong><a style=\"color: #3366ff;\" href=\"http:\/\/www.games-workshop.com\/MEDIA_CustomProductCatalog\/m780049a_Blood_Bowl_Competition_Rules.pdf\">Competition Rules<\/a><\/strong><\/span> e ci dar\u00e0 sicuramente emozioni e soddisfazioni.<\/p>\n<p style=\"text-align: justify;\">Ogni squadra affronter\u00e0 quelle del proprio girone per il turno di sola andata. Le prime 2 squadre di ogni girone meglio classificate accederanno ai playoff. Potete seguire tutti gli eventi nel <span style=\"color: #3366ff;\"><strong><a style=\"color: #3366ff;\" href=\"http:\/\/satanarchibugiardinfernalcolica.dnawow.net\/\">sito dedicato<\/a><\/strong><\/span> e nel <span style=\"color: #3366ff;\"><strong><a style=\"color: #3366ff;\" href=\"http:\/\/www.overlord.it\/forum\/viewtopic.php?f=12&amp;t=14\">nostro forum<\/a><\/strong><\/span>.<\/p>\n<p style=\"text-align: justify;\">La lega \u00e8 composta da 12 squadre divese in 2 gironi.<\/p>\n<p style=\"text-align: justify;\">Girone A:<\/p>\n<table border=\"1\" width=\"594\" cellspacing=\"0\" cellpadding=\"0\">\n<colgroup>\n<col width=\"350\" \/>\n<col width=\"100\" \/>\n<col width=\"144\" \/><\/colgroup>\n<tbody>\n<tr>\n<td width=\"350\" height=\"17\">Fenice Felice<\/td>\n<td width=\"100\">High Elf<\/td>\n<td width=\"144\">Pera<\/td>\n<\/tr>\n<tr>\n<td height=\"17\">Golden Illusion<\/td>\n<td>High Elf<\/td>\n<td>Gnatto<\/td>\n<\/tr>\n<tr>\n<td height=\"17\">N5N1 &#8211; Nurgle&#8217;s Virulent Noise Infestation<\/td>\n<td>Nurgle<\/td>\n<td>samhain_max<\/td>\n<\/tr>\n<tr>\n<td height=\"17\">Pessimi Elementi<\/td>\n<td>Chaos Dwarf<\/td>\n<td>Gromril<\/td>\n<\/tr>\n<tr>\n<td height=\"17\">Skars of Malekith<\/td>\n<td>Dark Elf<\/td>\n<td>SupremeCommissioner<\/td>\n<\/tr>\n<tr>\n<td height=\"17\">The Horned Plague<\/td>\n<td>Skaven<\/td>\n<td>Ade<\/td>\n<\/tr>\n<\/tbody>\n<\/table>\n<p>Girone B:<\/p>\n<table border=\"1\" width=\"594\" cellspacing=\"0\" cellpadding=\"0\">\n<colgroup>\n<col width=\"350\" \/>\n<col width=\"100\" \/>\n<col width=\"144\" \/><\/colgroup>\n<tbody>\n<tr>\n<td width=\"350\" height=\"17\">Asgard Razor<\/td>\n<td width=\"100\">Norse<\/td>\n<td width=\"144\">Pippo<\/td>\n<\/tr>\n<tr>\n<td height=\"17\">Bloody kids<\/td>\n<td>Chaos Pact<\/td>\n<td>Averis<\/td>\n<\/tr>\n<tr>\n<td height=\"17\">Frecce Volanti<\/td>\n<td>Wood Elf<\/td>\n<td>rudi.longo<\/td>\n<\/tr>\n<tr>\n<td height=\"17\">Rutti Tonanti<\/td>\n<td>Norse<\/td>\n<td>fcodogno<\/td>\n<\/tr>\n<tr>\n<td height=\"17\">Spakkaozzi<\/td>\n<td>Orc<\/td>\n<td>Frenk<\/td>\n<\/tr>\n<tr>\n<td height=\"17\">Ultraviolence<\/td>\n<td>Chaos<\/td>\n<td>Capopio<\/td>\n<\/tr>\n<\/tbody>\n<\/table>\n<p style=\"text-align: justify;\">\n","protected":false},"excerpt":{"rendered":"<p>Illustrissimi amici e soci, \u00e8 con piacere che annuncio l&#8217;inizio della lega di Blood Bowl del circolo Overlord. Dopo diversi tentativi finalmente quest&#8217;anno \u00e8 partita. Sar\u00e0 la prima edizione ufficiale con le Competition Rules e ci dar\u00e0 sicuramente emozioni e soddisfazioni. Ogni squadra affronter\u00e0 quelle del proprio girone per il turno di sola andata. Le [&hellip;]<\/p>\n","protected":false},"author":23,"featured_media":0,"parent":0,"menu_order":0,"comment_status":"closed","ping_status":"open","template":"","meta":{"ngg_post_thumbnail":0},"_links":{"self":[{"href":"https:\/\/www.overlord.it\/new\/wp-json\/wp\/v2\/pages\/813"}],"collection":[{"href":"https:\/\/www.overlord.it\/new\/wp-json\/wp\/v2\/pages"}],"about":[{"href":"https:\/\/www.overlord.it\/new\/wp-json\/wp\/v2\/types\/page"}],"author":[{"embeddable":true,"href":"https:\/\/www.overlord.it\/new\/wp-json\/wp\/v2\/users\/23"}],"replies":[{"embeddable":true,"href":"https:\/\/www.overlord.it\/new\/wp-json\/wp\/v2\/comments?post=813"}],"version-history":[{"count":10,"href":"https:\/\/www.overlord.it\/new\/wp-json\/wp\/v2\/pages\/813\/revisions"}],"predecessor-version":[{"id":1580,"href":"https:\/\/www.overlord.it\/new\/wp-json\/wp\/v2\/pages\/813\/revisions\/1580"}],"wp:attachment":[{"href":"https:\/\/www.overlord.it\/new\/wp-json\/wp\/v2\/media?parent=813"}],"curies":[{"name":"wp","href":"https:\/\/api.w.org\/{rel}","templated":true}]}}