{"id":82,"date":"2011-05-15T10:14:04","date_gmt":"2011-05-15T10:14:04","guid":{"rendered":"http:\/\/www.overlord.it\/new\/?page_id=82"},"modified":"2023-10-04T22:42:17","modified_gmt":"2023-10-04T20:42:17","slug":"il-circolo","status":"publish","type":"page","link":"https:\/\/www.overlord.it\/new\/il-circolo\/","title":{"rendered":"Chi Siamo"},"content":{"rendered":"\n<style type=\"text\/css\" data-created_by=\"avia_inline_auto\" id=\"style-css-av-1s90y-ef1bb4357c842c351e0e9ab9d493f53b\">\n#top .av-special-heading.av-1s90y-ef1bb4357c842c351e0e9ab9d493f53b{\npadding-bottom:10px;\ncolor:#f9343b;\n}\n.av-special-heading.av-1s90y-ef1bb4357c842c351e0e9ab9d493f53b .special-heading-inner-border{\nborder-color:#f9343b;\n}\n<\/style>\n<div  class='av-special-heading av-1s90y-ef1bb4357c842c351e0e9ab9d493f53b av-special-heading-h3 custom-color-heading  avia-builder-el-0  el_before_av_hr  avia-builder-el-first  '><h3 class='av-special-heading-tag '  itemprop=\"headline\"  >Il Circolo Overlord <\/h3><div class='special-heading-border'><div class='special-heading-inner-border'><\/div><\/div><\/div>\n<div  class='hr av-24b7i-ed251d46c87ac6f22e7c898469bb1a29 hr-default  avia-builder-el-1  el_after_av_heading  el_before_av_textblock  '><span class='hr-inner '><span class=\"hr-inner-style\"><\/span><\/span><\/div>\n<section  class='av_textblock_section av-136k2-4aff80cc059e8c6f142002f8022e6e79 '  itemscope=\"itemscope\" itemtype=\"https:\/\/schema.org\/CreativeWork\" ><div class='avia_textblock '  itemprop=\"text\" ><p style=\"text-align: justify;\">\u00e8 un\u2019associazione aperta ed amichevole dove potrai trascorrere tante piacevoli serate in allegria, mettere in campo la tua astuzia nei giochi di strategia, dare libera espressione alla tua creativit\u00e0 con i giochi di ruolo, o semplicemente rilassarti e divertirti in compagnia dei soci e delle socie con tanti giochi da tavolo.<\/p>\n<p style=\"text-align: center;\"><strong>Ci trovi ogni venerd\u00ec sera dalle 21:00 alle 01:00 nella nostra sede <\/strong><\/p>\n<p style=\"text-align: center;\"><strong>in <span style=\"color: #3366ff;\"><a style=\"color: #3366ff;\" href=\"http:\/\/www.overlord.it\/new\/index.php\/chi-dove-quando\/come-arrivare\/\">via Pontevigodarzere 222<\/a><\/span><\/strong><\/p>\n<p style=\"text-align: center;\"><strong>il secondo e quarto sabato di ogni mese dalle 15:00 alle 19:00<br \/>\n<\/strong><\/p>\n<p style=\"text-align: center;\">scopri le <strong><span style=\"color: #3366ff;\"><a style=\"color: #3366ff;\" href=\"http:\/\/www.overlord.it\/new\/il-circolo-per-i-giovani\/\">attivit\u00e0 per il sociale<\/a><\/span><\/strong> dedicate ai ragazzi dai 12 ai 18 anni.<\/p>\n<p style=\"text-align: justify;\">I soci del Circolo Overlord sono uomini e donne dai 20 ai 60 anni che amano stare in compagnia, conoscere nuovi amici e divertirsi senza pensieri, lontano dalle tensioni quotidiane dello studio o del lavoro.<\/p>\n<p style=\"text-align: justify;\">La nostra forza \u00e8 nella variet\u00e0: tra noi ci sono laureati e studenti universitari, impiegati, operai e liberi professionisti, di ogni et\u00e0, background culturale e sociale, che condividono il piacere di stare insieme giocando.<\/p>\n<p style=\"text-align: justify;\">Ovviamente non potete solo assistere! Dovrete&nbsp; partecipare alle nostre iniziative o proporre voi stessi partite ai vostri giochi che pi\u00f9 vi attirano e che pi\u00f9 amate. E&#8217; possibile mettere a disposizione i propri giochi personali e\/o usufruire della ricchissima ed aggiornata ludoteca del Circolo.<\/p>\n<p style=\"text-align: left;\"><span style=\"color: #3366ff;\"><strong><a style=\"color: #3366ff;\" title=\"Contattaci\" href=\"http:\/\/www.overlord.it\/new\/?page_id=27\">Contattaci<\/a><\/strong><\/span> per venire a trascorrere un Venerd\u00ec in Circolo!<\/p>\n<p style=\"text-align: center;\">Scopri le <strong><span style=\"color: #3366ff;\"><a style=\"color: #3366ff;\" href=\"https:\/\/www.facebook.com\/CircoloOverlord\/photos_stream?tab=photos_albums\">foto<\/a><\/span><\/strong> ed i <strong><span style=\"color: #3366ff;\"><a style=\"color: #3366ff;\" href=\"https:\/\/www.youtube.com\/user\/CircoloOverlord\">video<\/a><\/span><\/strong> di tutte le nostre attivit\u00e0!<\/p>\n<p style=\"text-align: center;\">Vuoi saperne di pi\u00f9? Scarica la brochure del Circolo <span style=\"color: #3366ff;\"><strong><a style=\"color: #3366ff;\" href=\"http:\/\/www.overlord.it\/new\/wp-content\/uploads\/2012\/09\/Pieghevole-A4-nuova-sede.pdf\" target=\"_blank\" rel=\"noopener\">qui<\/a><\/strong><\/span>.<\/p>\n<p style=\"text-align: center;\">Per&nbsp;informazioni pi\u00f9 dettagliate potete scaricare la nostra <strong><span style=\"color: #3366ff;\"><a style=\"color: #3366ff;\" href=\"http:\/\/www.overlord.it\/new\/wp-content\/uploads\/2012\/09\/Pieghevole-A4-nuova-sede.pdf\">brochure<\/a><\/span><\/strong> o consultare il nostro <strong><span style=\"color: #3366ff;\"><a style=\"color: #3366ff;\" href=\"http:\/\/www.overlord.it\/new\/wp-content\/uploads\/2023\/10\/Statuto_2023.pdf\">statuto<\/a><\/span><\/strong>.<\/p>\n<p style=\"text-align: center;\">Vuoi conoscere la nostra storia? La trovi <span style=\"color: #3366ff;\"><strong><a style=\"color: #3366ff;\" href=\"http:\/\/www.overlord.it\/new\/index.php\/chi-siamo\/\">qui<\/a><\/strong><\/span>.<\/p>\n<\/div><\/section>\n<div  class='hr av-1dy7m-1f7b8c8601a71d696381bc9ec9ab03a5 hr-default  avia-builder-el-3  el_after_av_textblock  el_before_av_social_share  '><span class='hr-inner '><span class=\"hr-inner-style\"><\/span><\/span><\/div>\n<div  class='av-social-sharing-box av-12tfu-6550e04899cf81d932207831203c5e2c av-social-sharing-box-default  avia-builder-el-4  el_after_av_hr  avia-builder-el-last  av-social-sharing-box-fullwidth '><div class=\"av-share-box\"><h5 class='av-share-link-description av-no-toc '>Condividi questo articolo<\/h5><ul class=\"av-share-box-list noLightbox\"><li class='av-share-link av-social-link-facebook' ><a target=\"_blank\" aria-label=\"Condividi su Facebook\" href='https:\/\/www.facebook.com\/sharer.php?u=https:\/\/www.overlord.it\/new\/il-circolo\/&#038;t=Chi%20Siamo' aria-hidden='false' data-av_icon='\ue8f3' data-av_iconfont='entypo-fontello' title='' data-avia-related-tooltip='Condividi su Facebook' rel=\"noopener\"><span class='avia_hidden_link_text'>Condividi su Facebook<\/span><\/a><\/li><li class='av-share-link av-social-link-twitter' ><a target=\"_blank\" aria-label=\"Condividi su Twitter\" href='https:\/\/twitter.com\/share?text=Chi%20Siamo&#038;url=https:\/\/www.overlord.it\/new\/?p=82' aria-hidden='false' data-av_icon='\ue8f1' data-av_iconfont='entypo-fontello' title='' data-avia-related-tooltip='Condividi su Twitter' rel=\"noopener\"><span class='avia_hidden_link_text'>Condividi su Twitter<\/span><\/a><\/li><li class='av-share-link av-social-link-pinterest' ><a target=\"_blank\" aria-label=\"Condividi su Pinterest\" href='https:\/\/pinterest.com\/pin\/create\/button\/?url=https%3A%2F%2Fwww.overlord.it%2Fnew%2Fil-circolo%2F&#038;description=Chi%20Siamo&#038;media=' aria-hidden='false' data-av_icon='\ue8f8' data-av_iconfont='entypo-fontello' title='' data-avia-related-tooltip='Condividi su Pinterest' rel=\"noopener\"><span class='avia_hidden_link_text'>Condividi su Pinterest<\/span><\/a><\/li><li class='av-share-link av-social-link-linkedin' ><a target=\"_blank\" aria-label=\"Condividi su LinkedIn\" href='https:\/\/linkedin.com\/shareArticle?mini=true&#038;title=Chi%20Siamo&#038;url=https:\/\/www.overlord.it\/new\/il-circolo\/' aria-hidden='false' data-av_icon='\ue8fc' data-av_iconfont='entypo-fontello' title='' data-avia-related-tooltip='Condividi su LinkedIn' rel=\"noopener\"><span class='avia_hidden_link_text'>Condividi su LinkedIn<\/span><\/a><\/li><li class='av-share-link av-social-link-tumblr' ><a target=\"_blank\" aria-label=\"Condividi su Tumblr\" href='https:\/\/www.tumblr.com\/share\/link?url=https%3A%2F%2Fwww.overlord.it%2Fnew%2Fil-circolo%2F&#038;name=Chi%20Siamo&#038;description=' aria-hidden='false' data-av_icon='\ue8fa' data-av_iconfont='entypo-fontello' title='' data-avia-related-tooltip='Condividi su Tumblr' rel=\"noopener\"><span class='avia_hidden_link_text'>Condividi su Tumblr<\/span><\/a><\/li><li class='av-share-link av-social-link-vk' ><a target=\"_blank\" aria-label=\"Condividi su Vk\" href='https:\/\/vk.com\/share.php?url=https:\/\/www.overlord.it\/new\/il-circolo\/' aria-hidden='false' data-av_icon='\ue926' data-av_iconfont='entypo-fontello' title='' data-avia-related-tooltip='Condividi su Vk' rel=\"noopener\"><span class='avia_hidden_link_text'>Condividi su Vk<\/span><\/a><\/li><li class='av-share-link av-social-link-reddit' ><a target=\"_blank\" aria-label=\"Condividi su Reddit\" href='https:\/\/reddit.com\/submit?url=https:\/\/www.overlord.it\/new\/il-circolo\/&#038;title=Chi%20Siamo' aria-hidden='false' data-av_icon='\ue927' data-av_iconfont='entypo-fontello' title='' data-avia-related-tooltip='Condividi su Reddit' rel=\"noopener\"><span class='avia_hidden_link_text'>Condividi su Reddit<\/span><\/a><\/li><li class='av-share-link av-social-link-mail' ><a  aria-label=\"Condividi attraverso Mail\" href='mailto:?subject=Chi%20Siamo&#038;body=https:\/\/www.overlord.it\/new\/il-circolo\/' aria-hidden='false' data-av_icon='\ue805' data-av_iconfont='entypo-fontello' title='' data-avia-related-tooltip='Condividi attraverso Mail'><span class='avia_hidden_link_text'>Condividi attraverso Mail<\/span><\/a><\/li><\/ul><\/div><\/div>\n","protected":false},"excerpt":{"rendered":"","protected":false},"author":23,"featured_media":0,"parent":0,"menu_order":20,"comment_status":"closed","ping_status":"closed","template":"","meta":{"ngg_post_thumbnail":0},"_links":{"self":[{"href":"https:\/\/www.overlord.it\/new\/wp-json\/wp\/v2\/pages\/82"}],"collection":[{"href":"https:\/\/www.overlord.it\/new\/wp-json\/wp\/v2\/pages"}],"about":[{"href":"https:\/\/www.overlord.it\/new\/wp-json\/wp\/v2\/types\/page"}],"author":[{"embeddable":true,"href":"https:\/\/www.overlord.it\/new\/wp-json\/wp\/v2\/users\/23"}],"replies":[{"embeddable":true,"href":"https:\/\/www.overlord.it\/new\/wp-json\/wp\/v2\/comments?post=82"}],"version-history":[{"count":30,"href":"https:\/\/www.overlord.it\/new\/wp-json\/wp\/v2\/pages\/82\/revisions"}],"predecessor-version":[{"id":2708,"href":"https:\/\/www.overlord.it\/new\/wp-json\/wp\/v2\/pages\/82\/revisions\/2708"}],"wp:attachment":[{"href":"https:\/\/www.overlord.it\/new\/wp-json\/wp\/v2\/media?parent=82"}],"curies":[{"name":"wp","href":"https:\/\/api.w.org\/{rel}","templated":true}]}}